{"id":7615,"date":"2026-05-06T08:36:57","date_gmt":"2026-05-06T08:36:57","guid":{"rendered":"https:\/\/fjarno.org\/?post_type=product&#038;p=7615"},"modified":"2026-05-07T07:59:50","modified_gmt":"2026-05-07T07:59:50","slug":"nutresport","status":"publish","type":"product","link":"https:\/\/fjarno.org\/ca\/producto\/nutresport\/","title":{"rendered":"Nutresport"},"content":{"rendered":"<p data-start=\"0\" data-end=\"198\">Les persones amb Malaltia Renal Cr\u00f2nica desenvolupen habitualment altres afeccions, com la desnutrici\u00f3, la fragilitat o la sarcop\u00e8nia, que repercuteixen de manera important en el seu estat de salut.<\/p>\n<p data-start=\"200\" data-end=\"630\">\u201cNutresport\u201d \u00e9s un projecte que pret\u00e9n ajudar a millorar la qualitat de vida de les persones en llista d\u2019espera per a un trasplantament de rony\u00f3 o ja trasplantades, mitjan\u00e7ant la implementaci\u00f3 d\u2019un programa trimodal que combina l\u2019atenci\u00f3 nutricional, l\u2019activitat f\u00edsica regular i l\u2019atenci\u00f3 fisioterap\u00e8utica. Tot aix\u00f2 amb la intenci\u00f3 de prevenir complicacions, prolongar la superviv\u00e8ncia de l\u2019empelt i promoure el benestar general.<\/p>\n<p data-start=\"632\" data-end=\"1263\" data-is-last-node=\"\" data-is-only-node=\"\">Les activitats que durem a terme per al desenvolupament del projecte s\u00f3n: acompanyar i ajudar en el seguiment de l\u2019atenci\u00f3 nutricional individualitzada; col\u00b7laborar en la disminuci\u00f3 de pacients amb desnutrici\u00f3 o sobrep\u00e8s; formaci\u00f3 en temes d\u2019alimentaci\u00f3 en di\u00e0lisi i despr\u00e9s del trasplantament que millori l\u2019adher\u00e8ncia al tractament; establir un programa d\u2019activitat f\u00edsica adaptada; millorar la mobilitat articular, la for\u00e7a muscular, la capacitat funcional i l\u2019autonomia per a les activitats de la vida di\u00e0ria; reduir el dolor i el<\/p>\n","protected":false},"excerpt":{"rendered":"<p>\u201cNutresport\u201d \u00e9s un projecte que pret\u00e9n ajudar a millorar la qualitat de vida de les persones en llista d\u2019espera per a un trasplantament de rony\u00f3 o ja trasplantades.<\/p>\n","protected":false},"featured_media":7592,"template":"","meta":[],"product_brand":[],"product_cat":[108],"product_tag":[],"class_list":{"0":"post-7615","1":"product","2":"type-product","3":"status-publish","4":"has-post-thumbnail","6":"product_cat-sin-categoria","8":"entry","9":"has-media","11":"first","12":"instock","13":"shipping-taxable","14":"purchasable","15":"product-type-variable","16":"has-product-nav","17":"col","18":"span_1_of_3","19":"owp-content-center","20":"owp-thumbs-layout-horizontal","21":"owp-btn-normal","22":"owp-tabs-layout-horizontal","23":"has-no-thumbnails"},"_links":{"self":[{"href":"https:\/\/fjarno.org\/ca\/wp-json\/wp\/v2\/product\/7615","targetHints":{"allow":["GET"]}}],"collection":[{"href":"https:\/\/fjarno.org\/ca\/wp-json\/wp\/v2\/product"}],"about":[{"href":"https:\/\/fjarno.org\/ca\/wp-json\/wp\/v2\/types\/product"}],"wp:featuredmedia":[{"embeddable":true,"href":"https:\/\/fjarno.org\/ca\/wp-json\/wp\/v2\/media\/7592"}],"wp:attachment":[{"href":"https:\/\/fjarno.org\/ca\/wp-json\/wp\/v2\/media?parent=7615"}],"wp:term":[{"taxonomy":"product_brand","embeddable":true,"href":"https:\/\/fjarno.org\/ca\/wp-json\/wp\/v2\/product_brand?post=7615"},{"taxonomy":"product_cat","embeddable":true,"href":"https:\/\/fjarno.org\/ca\/wp-json\/wp\/v2\/product_cat?post=7615"},{"taxonomy":"product_tag","embeddable":true,"href":"https:\/\/fjarno.org\/ca\/wp-json\/wp\/v2\/product_tag?post=7615"}],"curies":[{"name":"wp","href":"https:\/\/api.w.org\/{rel}","templated":true}]}}