{"id":7416,"date":"2025-10-18T08:03:26","date_gmt":"2025-10-18T08:03:26","guid":{"rendered":"https:\/\/fjarno.org\/beneficis-fiscals-de-les-donacions\/"},"modified":"2025-10-29T14:35:31","modified_gmt":"2025-10-29T14:35:31","slug":"beneficis-fiscals-de-les-donacions","status":"publish","type":"page","link":"https:\/\/fjarno.org\/ca\/beneficis-fiscals-de-les-donacions\/","title":{"rendered":"Beneficis fiscals de les donacions"},"content":{"rendered":"\n<div class=\"wp-block-columns is-layout-flex wp-container-core-columns-is-layout-9d6595d7 wp-block-columns-is-layout-flex\">\n<div class=\"wp-block-column is-layout-flow wp-block-column-is-layout-flow\">\n<h6 class=\"wp-block-heading\">Donacions<\/h6>\n\n\n\n<h2 class=\"wp-block-heading\">Coneixeu els beneficis fiscals de les donacions?<\/h2>\n\n\n\n<p><strong>NOUS BENEFICIS FISCALS A LES DONACIONS PER LA NOVA LLEI DE MECENATGE<\/strong><\/p>\n\n\n\n<p>L&#8217;1 de gener va entrar en vigor la nova Llei de Mecenatge (Llei 49\/2002, de 23 de desembre, de r\u00e8gim fiscal de les entitats sense \u00e0nim de lucre i dels incentius fiscals al mecenatge), que incorpora una s\u00e8rie de millores i incentius per als donants particulars o empreses que seran efectives a les donacions realitzades a partir de l&#8217;1 de gener de 2024.<\/p>\n\n\n\n<p>DONANTS PARTICULARS<\/p>\n\n\n\n<p>Els primers 250\u20ac tindran una desgravaci\u00f3 del 80% sobre la declaraci\u00f3 de la Renda (abans aquesta xifra eren els primers 150 \u20ac), a partir de 250\u20ac, la resta tindr\u00e0 una desgravaci\u00f3 del 40% (abans 35%), i puja al 45% per les donacions realitzades durant 3 anys seguits (abans eren necessaris 4 anys).<\/p>\n\n\n\n<p>EMPRESES<\/p>\n\n\n\n<p>Tindran una desgravaci\u00f3 del 40% a les donacions econ\u00f2miques (abans 35%), i aquesta augmentar\u00e0 al 50% si aquesta donaci\u00f3 es realitza durant 3 anys seguits (abans 4).<\/p>\n\n\n\n<p>Aquesta desgravaci\u00f3 tamb\u00e9 s&#8217;aplicar\u00e0 a les donacions de serveis per part d&#8217;empreses.<\/p>\n<\/div>\n\n\n\n<div class=\"wp-block-column is-layout-flow wp-block-column-is-layout-flow\">\n<p><strong>EN L\u00cdNIA<\/strong><\/p>\n\n\n\n<p>Podeu fer un donatiu via WEB a l&#8217;apartat Fes-te amic\/fes un donatiu<\/p>\n\n\n\n<p><strong>BIZUM<\/strong><\/p>\n\n\n\n<p>Podeu enviar-nos un bizum utilitzant el codi <strong>10216<\/strong><\/p>\n\n\n\n<p><strong>TRANSFER\u00c8NCIA<\/strong><\/p>\n\n\n\n<p>El donatiu es pot fer tamb\u00e9 ingressant o fent la transfer\u00e8ncia al compte bancari de la fundaci\u00f3:<\/p>\n\n\n\n<p><strong>ES02 2100 0181 2802 0047 0592 CaixaBank (la Caixa)<\/strong><\/p>\n\n\n\n<p><a href=\"https:\/\/fjarno.org\/wp-content\/uploads\/2025\/10\/Donacion-a-la-Fundacion-Renal-Jaume-Arno.pdf\">Descarregueu la versi\u00f3 imprimible<\/a><\/p>\n\n\n\n<p><strong>PRESENCIAL<\/strong><\/p>\n\n\n\n<p>O si ho preferiu, de manera presencial a la nostra oficina, en efectiu o amb targeta.<\/p>\n\n\n\n<p>Amb la vostra col\u00b7laboraci\u00f3 ajudareu el col\u00b7lectiu de persones que pateixen malaltia renal cr\u00f2nica i altres patologies associades. Nosaltres us ho agra\u00efm en nom de tot el col\u00b7lectiu. <\/p>\n\n\n\n<p>Per fer el certificat de la donaci\u00f3 a efectes de deduccions fiscals necessitem que ens envieu per correu les vostres dades amb una c\u00f2pia del rebut de la transfer\u00e8ncia a la seg\u00fcent adre\u00e7a:<\/p>\n\n\n\n<p>Fundaci\u00f3 Renal Jaume Arn\u00f3.<\/p>\n\n\n\n<p>c\/ Enric Granados, 3, 1, 25006- LLEIDA<\/p>\n\n\n\n<p>Dades necess\u00e0ries:<\/p>\n\n\n\n<p>Nom i cognoms: CIF\/NIF:<\/p>\n\n\n\n<p>Domicili:<\/p>\n\n\n\n<p>Localitat: CP:<\/p>\n\n\n\n<p>Tel\u00e8fon (opcional): Email (opcional):<\/p>\n<\/div>\n<\/div>\n","protected":false},"excerpt":{"rendered":"<p>Donacions Coneixeu els beneficis fiscals de les donacions? NOUS BENEFICIS FISCALS A LES DONACIONS PER LA NOVA LLEI DE MECENATGE L&#8217;1 de gener va entrar en vigor la nova Llei de Mecenatge (Llei 49\/2002, de 23 de desembre, de r\u00e8gim fiscal de les entitats sense \u00e0nim de lucre i dels incentius fiscals al mecenatge), que [&hellip;]<\/p>\n","protected":false},"author":1,"featured_media":0,"parent":0,"menu_order":0,"comment_status":"closed","ping_status":"closed","template":"","meta":{"footnotes":""},"class_list":["post-7416","page","type-page","status-publish","hentry","entry","owp-thumbs-layout-horizontal","owp-btn-normal","owp-tabs-layout-horizontal","has-no-thumbnails","has-product-nav"],"_links":{"self":[{"href":"https:\/\/fjarno.org\/ca\/wp-json\/wp\/v2\/pages\/7416","targetHints":{"allow":["GET"]}}],"collection":[{"href":"https:\/\/fjarno.org\/ca\/wp-json\/wp\/v2\/pages"}],"about":[{"href":"https:\/\/fjarno.org\/ca\/wp-json\/wp\/v2\/types\/page"}],"author":[{"embeddable":true,"href":"https:\/\/fjarno.org\/ca\/wp-json\/wp\/v2\/users\/1"}],"replies":[{"embeddable":true,"href":"https:\/\/fjarno.org\/ca\/wp-json\/wp\/v2\/comments?post=7416"}],"version-history":[{"count":1,"href":"https:\/\/fjarno.org\/ca\/wp-json\/wp\/v2\/pages\/7416\/revisions"}],"predecessor-version":[{"id":7420,"href":"https:\/\/fjarno.org\/ca\/wp-json\/wp\/v2\/pages\/7416\/revisions\/7420"}],"wp:attachment":[{"href":"https:\/\/fjarno.org\/ca\/wp-json\/wp\/v2\/media?parent=7416"}],"curies":[{"name":"wp","href":"https:\/\/api.w.org\/{rel}","templated":true}]}}