{"id":7401,"date":"2025-10-17T13:07:43","date_gmt":"2025-10-17T13:07:43","guid":{"rendered":"https:\/\/fjarno.org\/malaltia-renal-cronica\/"},"modified":"2025-10-29T14:35:25","modified_gmt":"2025-10-29T14:35:25","slug":"malaltia-renal-cronica","status":"publish","type":"page","link":"https:\/\/fjarno.org\/ca\/malaltia-renal-cronica\/","title":{"rendered":"Malaltia renal cr\u00f2nica"},"content":{"rendered":"\n<p><strong>Qu\u00e8 \u00e9s la malaltia renal cr\u00f2nica?<\/strong><\/p>\n\n<ul class=\"wp-block-list\">\n<li>Definici\u00f3: Disminuci\u00f3 de la funci\u00f3 renal, expressada per un filtrat glomerular (FG) o un aclariment de la creatinina<\/li>\n\n\n\n<li>La malaltia renal pot passar desapercebuda, \u00e9s a dir, \u00e9s possible que no hi hagi s\u00edmptomes que indiquin que els ronyons no funcionen b\u00e9.<\/li>\n\n\n\n<li>El diagn\u00f2stic s&#8217;estableix mitjan\u00e7ant la realitzaci\u00f3 d&#8217;an\u00e0lisis.<\/li>\n<\/ul>\n\n<p><strong>Quines s\u00f3n les funcions dels ronyons sans?<\/strong><\/p>\n\n<ul class=\"wp-block-list\">\n<li>Formaci\u00f3 d&#8217;orina: eliminaci\u00f3 dels residus de la sang procedents dels aliments i l&#8217;exc\u00e9s d&#8217;aigua.<\/li>\n\n\n\n<li>Mantenir l&#8217;equilibri corporal de la quantitat d&#8217;aigua de l&#8217;organisme i de subst\u00e0ncies qu\u00edmiques minerals: calci, f\u00f2sfor, sodi, potassi\u2026<\/li>\n\n\n\n<li>Produir subst\u00e0ncies necess\u00e0ries per al bon funcionament de l&#8217;organisme com l&#8217;eritropoetina o la vitamina D.<\/li>\n<\/ul>\n\n<p><strong>Quins s\u00f3n els factors de risc?<\/strong><\/p>\n\n<ol class=\"wp-block-list\">\n<li>Edat superior als 60 anys<\/li>\n\n\n\n<li>Antecedents familiars de malaltia renal<\/li>\n\n\n\n<li>Consum d&#8217;antiinflamatoris<\/li>\n\n\n\n<li>Tabaquisme i altres drogues<\/li>\n\n\n\n<li>Massa renal disminu\u00efda<\/li>\n\n\n\n<li>Infeccions urin\u00e0ries i litiasi de repetici\u00f3<\/li>\n\n\n\n<li>Diabetis Mellitus<\/li>\n\n\n\n<li>Hipertensi\u00f3 arterial mal controlada<\/li>\n\n\n\n<li>P\u00e8rdua de prote\u00efnes en orina<\/li>\n\n\n\n<li>Nivells elevats de colesterol i\/o de triglic\u00e8rids<\/li>\n\n\n\n<li>Malaltia cardiovascular<\/li>\n<\/ol>\n\n<p><strong>En qu\u00e8 consisteix el tractament renal substitutiu?<\/strong><\/p>\n\n<ol class=\"wp-block-list\">\n<li>L&#8217;Hemodi\u00e0lisi: consisteix a eliminar l\u00edquid i residus de la sang utilitzant un filtre artificial, anomenat dialitzador.<\/li>\n\n\n\n<li>La di\u00e0lisi peritoneal: es basa a eliminar l\u00edquids i residus de la sang utilitzant un filtre natural, el peritoneu. Es pot realitzar de forma natural durant el dia, o amb l&#8217;ajuda d&#8217;una m\u00e0quina, anomenada cicladora, durant la nit. <\/li>\n\n\n\n<li>El trasplantament renal: \u00e9s un implant d&#8217;un rony\u00f3 sa d&#8217;una persona en el cos del pacient amb malaltia renal. L&#8217;objectiu \u00e9s la recuperaci\u00f3 de la funci\u00f3 renal perduda. <\/li>\n<\/ol>\n\n<ul class=\"wp-block-list\">\n<li>Trasplantament procedent de donant cad\u00e0ver: Persona amb mort cerebral comprovada mitjan\u00e7ant par\u00e0metres m\u00e8dics, t\u00e8cnics i legals o cor aturat, i els teixits de la persona donant compatibles amb els del receptor.<\/li>\n\n\n\n<li>Trasplantament procedent de donant viu: Persona viva, que d&#8217;acord amb la llei del trasplantament, t\u00e9 una relaci\u00f3 de parentiu o afectiva (familiar, c\u00f2njuge o amic proper), major d&#8217;edat i que superi unes proves de bona salut f\u00edsica i mental<\/li>\n<\/ul>\n\n<p>En tot cas, a Espanya, la donaci\u00f3 \u00e9s un acte desinteressat, voluntari i transparent.<\/p>\n\n<iframe loading=\"lazy\" width=\"100%\" height=\"415\" src=\"https:\/\/www.youtube.com\/embed\/hwWUVwChVvo?si=cGbWK8KSBjHSYfhJ\" title=\"Reproductor de v\u00eddeo de YouTube\" frameborder=\"0\" allow=\"accelerometer; autoplay; clipboard-write; encrypted-media; gyroscope; picture-in-picture; web-share\" referrerpolicy=\"strict-origin-when-cross-origin\" allowfullscreen=\"\"><\/iframe>\n","protected":false},"excerpt":{"rendered":"<p>Qu\u00e8 \u00e9s la malaltia renal cr\u00f2nica? Quines s\u00f3n les funcions dels ronyons sans? Quins s\u00f3n els factors de risc? En qu\u00e8 consisteix el tractament renal substitutiu? En tot cas, a Espanya, la donaci\u00f3 \u00e9s un acte desinteressat, voluntari i transparent.<\/p>\n","protected":false},"author":1,"featured_media":0,"parent":0,"menu_order":0,"comment_status":"closed","ping_status":"closed","template":"","meta":{"footnotes":""},"class_list":["post-7401","page","type-page","status-publish","hentry","entry","owp-thumbs-layout-horizontal","owp-btn-normal","owp-tabs-layout-horizontal","has-no-thumbnails","has-product-nav"],"_links":{"self":[{"href":"https:\/\/fjarno.org\/ca\/wp-json\/wp\/v2\/pages\/7401","targetHints":{"allow":["GET"]}}],"collection":[{"href":"https:\/\/fjarno.org\/ca\/wp-json\/wp\/v2\/pages"}],"about":[{"href":"https:\/\/fjarno.org\/ca\/wp-json\/wp\/v2\/types\/page"}],"author":[{"embeddable":true,"href":"https:\/\/fjarno.org\/ca\/wp-json\/wp\/v2\/users\/1"}],"replies":[{"embeddable":true,"href":"https:\/\/fjarno.org\/ca\/wp-json\/wp\/v2\/comments?post=7401"}],"version-history":[{"count":1,"href":"https:\/\/fjarno.org\/ca\/wp-json\/wp\/v2\/pages\/7401\/revisions"}],"predecessor-version":[{"id":7402,"href":"https:\/\/fjarno.org\/ca\/wp-json\/wp\/v2\/pages\/7401\/revisions\/7402"}],"wp:attachment":[{"href":"https:\/\/fjarno.org\/ca\/wp-json\/wp\/v2\/media?parent=7401"}],"curies":[{"name":"wp","href":"https:\/\/api.w.org\/{rel}","templated":true}]}}