{"id":7396,"date":"2025-10-17T13:05:30","date_gmt":"2025-10-17T13:05:30","guid":{"rendered":"https:\/\/fjarno.org\/atencio-nutricional\/"},"modified":"2025-10-29T14:35:22","modified_gmt":"2025-10-29T14:35:22","slug":"atencio-nutricional","status":"publish","type":"page","link":"https:\/\/fjarno.org\/ca\/atencio-nutricional\/","title":{"rendered":"Atenci\u00f3 nutricional"},"content":{"rendered":"\n<div class=\"wp-block-cover alignfull is-light\"><img loading=\"lazy\" decoding=\"async\" width=\"1024\" height=\"1024\" class=\"wp-block-cover__image-background wp-image-5907 size-large\" alt=\"\" src=\"https:\/\/fjarno.org\/wp-content\/uploads\/2019\/12\/NUTRICIO-2023-9-1024x1024.png\" data-object-fit=\"cover\" srcset=\"https:\/\/fjarno.org\/wp-content\/uploads\/2019\/12\/NUTRICIO-2023-9-1024x1024.png 1024w, https:\/\/fjarno.org\/wp-content\/uploads\/2019\/12\/NUTRICIO-2023-9-300x300.png 300w, https:\/\/fjarno.org\/wp-content\/uploads\/2019\/12\/NUTRICIO-2023-9-100x100.png 100w, https:\/\/fjarno.org\/wp-content\/uploads\/2019\/12\/NUTRICIO-2023-9-600x600.png 600w, https:\/\/fjarno.org\/wp-content\/uploads\/2019\/12\/NUTRICIO-2023-9-150x150.png 150w, https:\/\/fjarno.org\/wp-content\/uploads\/2019\/12\/NUTRICIO-2023-9-768x768.png 768w, https:\/\/fjarno.org\/wp-content\/uploads\/2019\/12\/NUTRICIO-2023-9.png 1080w\" sizes=\"auto, (max-width: 1024px) 100vw, 1024px\" \/><span aria-hidden=\"true\" class=\"wp-block-cover__background has-background-dim-80 has-background-dim\" style=\"background-color:#5ec5c5\"><\/span><div class=\"wp-block-cover__inner-container is-layout-constrained wp-block-cover-is-layout-constrained\">\n<p class=\"has-text-align-center has-white-color has-text-color has-link-color has-medium-font-size wp-elements-84ca67abf4732d87c7547fb2e90e8bd5\"><strong>SERVEI INTEGRAL DE NUTRICI\u00d3 I DIET\u00c8TICA<\/strong><\/p>\n<\/div><\/div>\n\n<h4 class=\"wp-block-heading\"><\/h4>\n\n<p>La malaltia renal cr\u00f2nica (MRC) es caracteritza per una disfunci\u00f3 irreversible dels ronyons que produeix una acumulaci\u00f3 de minerals en la sang (sodi, potassi i f\u00f2sfor, principalment) i l\u00edquids (falta de micci\u00f3), produint greus complicacions m\u00e8diques. \u00c9s per aix\u00f2 que seguir una dieta adaptada a la MRC \u00e9s un pilar fonamental per a un bon control de la malaltia. <\/p>\n\n<p>L&#8217;objectiu principal del servei integral de nutrici\u00f3 i diet\u00e8tica de la Fundaci\u00f3 Renal Jaume Arn\u00f3 \u00e9s el de millorar, a trav\u00e9s de la dieta, la qualitat de vida de les persones que pateixen MRC i la de les seves fam\u00edlies, oferint una assist\u00e8ncia totalment gratu\u00efta.<\/p>\n\n<p>Els serveis que s&#8217;ofereixen s\u00f3n els seg\u00fcents:<\/p>\n\n<ul class=\"wp-block-list\">\n<li>Avaluaci\u00f3 i seguiment nutricional.<\/li>\n\n\n\n<li>Dietes personalitzades.<\/li>\n\n\n\n<li>Educaci\u00f3 nutricional.<\/li>\n\n\n\n<li>Tallers i xerrades informatives (individuals i\/o col\u00b7lectives).<\/li>\n<\/ul>\n\n<p><strong>Voleu disposar d&#8217;algun d&#8217;aquests serveis?<\/strong><\/p>\n\n<p class=\"has-text-color has-link-color wp-elements-fdf7b29986bb466a46664d6b9461ef26\" style=\"color:#5ec5c5\">Poseu-vos en contacte amb la nutricionista de la Fundaci\u00f3:<br\/>Annabel Mart\u00ednez<br\/>annabel@fjarno.org<br\/>T. 656 891 408<br\/>Horari: 9.00h a 12.00h (o fora d&#8217;aquest horari amb cita pr\u00e8via).<\/p>\n","protected":false},"excerpt":{"rendered":"<p>La malaltia renal cr\u00f2nica (MRC) es caracteritza per una disfunci\u00f3 irreversible dels ronyons que produeix una acumulaci\u00f3 de minerals en la sang (sodi, potassi i f\u00f2sfor, principalment) i l\u00edquids (falta de micci\u00f3), produint greus complicacions m\u00e8diques. \u00c9s per aix\u00f2 que seguir una dieta adaptada a la MRC \u00e9s un pilar fonamental per a un bon [&hellip;]<\/p>\n","protected":false},"author":1,"featured_media":0,"parent":0,"menu_order":0,"comment_status":"closed","ping_status":"closed","template":"","meta":{"footnotes":""},"class_list":["post-7396","page","type-page","status-publish","hentry","entry","owp-thumbs-layout-horizontal","owp-btn-normal","owp-tabs-layout-horizontal","has-no-thumbnails","has-product-nav"],"_links":{"self":[{"href":"https:\/\/fjarno.org\/ca\/wp-json\/wp\/v2\/pages\/7396","targetHints":{"allow":["GET"]}}],"collection":[{"href":"https:\/\/fjarno.org\/ca\/wp-json\/wp\/v2\/pages"}],"about":[{"href":"https:\/\/fjarno.org\/ca\/wp-json\/wp\/v2\/types\/page"}],"author":[{"embeddable":true,"href":"https:\/\/fjarno.org\/ca\/wp-json\/wp\/v2\/users\/1"}],"replies":[{"embeddable":true,"href":"https:\/\/fjarno.org\/ca\/wp-json\/wp\/v2\/comments?post=7396"}],"version-history":[{"count":1,"href":"https:\/\/fjarno.org\/ca\/wp-json\/wp\/v2\/pages\/7396\/revisions"}],"predecessor-version":[{"id":7398,"href":"https:\/\/fjarno.org\/ca\/wp-json\/wp\/v2\/pages\/7396\/revisions\/7398"}],"wp:attachment":[{"href":"https:\/\/fjarno.org\/ca\/wp-json\/wp\/v2\/media?parent=7396"}],"curies":[{"name":"wp","href":"https:\/\/api.w.org\/{rel}","templated":true}]}}