{"id":7394,"date":"2025-10-17T13:07:43","date_gmt":"2025-10-17T13:07:43","guid":{"rendered":"https:\/\/fjarno.org\/sala-de-premsa\/"},"modified":"2025-10-29T14:35:25","modified_gmt":"2025-10-29T14:35:25","slug":"sala-de-premsa","status":"publish","type":"page","link":"https:\/\/fjarno.org\/ca\/sala-de-premsa\/","title":{"rendered":"Sala de premsa"},"content":{"rendered":"\n<blockquote class=\"wp-block-quote is-layout-flow wp-block-quote-is-layout-flow\"><\/blockquote>\n\n<p><strong>Massachusetts proposa reduir condemnes a canvi d&#8217;\u00f2rgans<\/strong>  <a href=\"https:\/\/cadenaser.com\/nacional\/2023\/02\/06\/la-libertad-cuesta-un-rinon-la-idea-estadounidense-que-esta-en-las-antipodas-de-nuestro-sistema-de-trasplantes-cadena-ser\/?fbclid=IwAR3VlJppHNHkDUPzujfwIISYxy5ZVlcBAxe5dYiUL9gTqYGN6Yh3pVbx274\">cadenaser.com 06\/02\/2023<\/a><\/p>\n\n<p><strong>\u00d2rgans procedents de l&#8217;eutan\u00e0sia han salvat 120 vides.  <\/strong><a href=\"https:\/\/www.larazon.es\/sociedad\/20221212\/vnqjiikfurhclnziepdtjpicuu.html\">larazon.es 12\/12\/2022<\/a><\/p>\n\n<p><strong>Trasplantament pioner, cirurgia sense sang entre donant i receptor de grup sanguini incompatible<\/strong>. <a href=\"https:\/\/www.ara.cat\/societat\/testimonis-jehova-grups-sanguinis-incompatibles-historia-d-trasplantament-pioner_1_4437886.html\">ara.cat 20\/08\/2022<\/a><\/p>\n\n<p><strong>Beneficis de l&#8217;activitat f\u00edsica en malaltia renal cr\u00f2nica<\/strong> <a href=\"https:\/\/www.infosalus.com\/salud-investigacion\/noticia-enfermedad-renal-cronica-beneficios-actividad-fisica-20220708074749.html\">infosalus.com 08\/07\/2022<\/a><\/p>\n\n<p><strong>\u00c8xit en el primer trasplantament de rony\u00f3 d&#8217;un mateix donant a dos germans bessons <\/strong><a href=\"https:\/\/trasplantaments.gencat.cat\/ca\/detall\/noticia\/Primer-trasplantament-de-ronyo-dun-mateix-donant-a-dos-germans-bessons\">gencat.cat 28\/06\/2022<\/a><\/p>\n\n<p><strong>Dissenyen t\u00e8cnica que permet trasplantar ronyons sense prendre immunosupressors <\/strong><a href=\"https:\/\/alcer.org\/2022\/06\/21\/disenan-tecnica-que-permite-trasplantar-rinones-sin-tomar-inmunosupresores\/\">alcer.org 21\/06\/2022<\/a><\/p>\n\n<p><strong>La hist\u00f2ria d&#8217;un home que porta tota la vida lluitant pels seus ronyons<\/strong> <a href=\"https:\/\/bit.ly\/35j9odu\">La Sexta Noticias 23\/01\/2022<\/a><\/p>\n\n<p><strong>Trasplantats dos ronyons de porc a un hum\u00e0 en mort cerebral<\/strong> <a href=\"https:\/\/bit.ly\/3tN283O\">La Vanguardia 20\/01\/2022<\/a><\/p>\n\n<p><strong>El servei de nefrologia de l&#8217;Arnau de Vilanova endega un nou programa d&#8217;hemodi\u00e0lisi sense sortir de casa<\/strong> <a href=\"https:\/\/fjarno.org\/sala-de-premsa\/el-segre-dialisi-a-casa\/\">Diari Segre 12\/06\/2021<\/a><\/p>\n\n<p><strong>Nou programa d&#8217;hemodi\u00e0lisi domicili\u00e0ria a Lleida <a href=\"https:\/\/fjarno.org\/sala-de-premsa\/la-manana-dialisi-a-casa\/\">La Ma\u00f1ana <\/a><\/strong>12\/06\/2021<\/p>\n\n<p><strong>El Bus de la Salut salva vides i estalvia en despesa sanit\u00e0ria <\/strong><a href=\"https:\/\/fjarno.org\/wp-content\/uploads\/2021\/05\/Maig-2021.pdf\">Diari Segre 09\/05\/2021<\/a><\/p>\n\n<p><strong>La Vacuna contra la Covid-19 i el trasplantament<\/strong><a href=\"https:\/\/cnnespanol.cnn.com\/2021\/03\/19\/vacuna-coronavirus-trasplante-organos-podcast-orix\/?fbclid=IwAR1CWkdA3lANQlkTpGMwwcOrJ3BlHW_5nV-xKfgshEmpwKFm9kmSXsy2TjI\"> cnn.com 19\/03\/2021<\/a><\/p>\n\n<p><strong>Primer trasplantament pedi\u00e0tric creuat de rony\u00f3 amb grup sanguini incompatible<\/strong> <a href=\"https:\/\/bit.ly\/3slgpkt\">La Vanguardia 17\/03\/2021<\/a><\/p>\n\n<p><strong>R\u00e8cord hist\u00f2ric en trasplantament pedi\u00e0tric a Catalunya, malgrat la pand\u00e8mia. <\/strong><a href=\"https:\/\/www.elperiodico.com\/es\/sanidad\/20210112\/catalunya-bate-record-historico-trasplantes-coronavirus-11450517\">El Peri\u00f3dico. 12\/01\/2021<\/a><\/p>\n\n<p><strong>La crisi del coronavirus passa factura als trasplantaments <\/strong><a href=\"https:\/\/elpais.com\/sociedad\/2020-03-17\/la-crisis-del-coronavirus-pasa-factura-a-los-trasplantes.html?fbclid=IwAR0dodza_0a38ds8hQ4fWY-RIFC7KDufrxNuTkFP2z1BLuXPZBQcklGEG8M\">El Pa\u00eds 18\/03\/2020<\/a><\/p>\n\n<p><strong>Donants de Vida. Lleida<\/strong> <a href=\"https:\/\/www.segre.com\/es\/noticias\/guia\/2020\/01\/21\/mas_donantes_vida_97037_1111.html\">Segre.com 21\/01\/2020<\/a><\/p>\n\n<p><strong>M\u00e9s Donants i Trasplantaments. Lleida<\/strong> <a href=\"https:\/\/www.segre.com\/noticies\/guia\/2019\/01\/16\/mes_trasplantaments_donants_65773_1111.html\">Segre.com 16\/01\/2010<\/a><\/p>\n\n<p><strong>Espanya tanca 2019 amb r\u00e8cords hist\u00f2rics. 5449 trasplantaments, 2301 donants<\/strong>. <a href=\"https:\/\/elmedicointeractivo.com\/espana-se-acerca-a-los-5-500-trasplantes-con-maximos-historicos-en-trasplante-renal-y-pulmonar\/?fbclid=IwAR04OovsnvIAjTstD9BNwpMp_TzGGE1SOiOjbfRQbbJYE3oHQEz7B\">El M\u00e9dico Interactivo 10\/01\/2020<\/a><\/p>\n\n<p><strong>#Finalalternatiu Campanya sobre donaci\u00f3 d&#8217;\u00f2rgans inspirada en el cinema.  <\/strong><a href=\"https:\/\/www.segre.com\/noticies\/guia\/2019\/12\/25\/un_cartell_inspirat_star_wars_favor_la_donacio_organs_lleida_95227_1111.html\">El Segre 25\/12\/2020<\/a><\/p>\n\n<p><strong>Triple trasplantament pedi\u00e0tric a Vall d&#8217;Hebron <\/strong><a href=\"https:\/\/www.elperiodico.cat\/ca\/sanitat\/20200103\/lhospital-de-la-vall-dhebron-realitza-un-triple-trasplantament-a-una-nena-per-primera-vegada-a-espanya-7793059\">El Peri\u00f3dico 03\/01\/2020<\/a><\/p>\n\n<p><strong>Catalunya, l\u00edder mundial en trasplantaments durant sis\u00e8 any consecutiu<\/strong> <a href=\"https:\/\/www.elperiodico.com\/es\/sanidad\/20191209\/catalunya-lider-mundial-de-trasplante-y-donacion-7761391\">El Peri\u00f3dico 09\/12\/2019<\/a><\/p>\n\n<p><strong>La malaltia renal cr\u00f2nica creix en 20% en deu anys<\/strong><a href=\"https:\/\/www.laopinioncoruna.es\/sociedad\/2019\/10\/04\/nefrologos-alertan-enfermedad-renal-cronica\/1440733.html?fbclid=IwAR0uHudQRSUAMapfWc665OitSSLKbrCDt7BvwIvRctQWHWQ3LxAPMkbL7jc\"> LaOpinionCoruna.es 04\/10\/2019<\/a><\/p>\n\n<p><strong>Un 71% de les persones visitades al Bus de la Salut presentaven algun tipus de malaltia arteromatosa <\/strong>324<a href=\"https:\/\/www.ccma.cat\/324\/un-71-de-les-persones-visitades-a-el-bus-de-la-salut-presentaven-algun-tipus-de-malaltia-ateromatosa\/noticia\/2906853\/\"> Catalunya 27\/02\/2019<\/a><\/p>\n\n<p><strong>Espanya consolida el seu lideratge en trasplantament renal<\/strong> <a href=\"https:\/\/www.consalud.es\/pacientes\/espana-consolida-su-posicion-de-liderazgo-en-trasplante-renal_56638_102.html\">ConSalud.es 6\/11\/2018<\/a><\/p>\n\n<p><strong>El PSOE porta al congr\u00e9s la protecci\u00f3 socio-laboral del donant viu<\/strong> <a href=\"https:\/\/www.consalud.es\/politica\/el-psoe-lleva-al-congreso-la-proteccion-socio-laboral-de-los-donantes-vivos_56060_102.html?fbclid=IwAR0-H8c8bEnWihToEowpsOb45B1hai6bWJJsS_2hSE2D23jrIm70l83gXKw\">ConSalud.es 20\/10\/2018<\/a><\/p>\n\n<p><strong>Nanoter\u00e0pia per evitar el rebuig d&#8217;\u00f2rgans trasplantats <\/strong><a href=\"https:\/\/www.elmundo.es\/ciencia-y-salud\/salud\/2018\/10\/18\/5bc722f4e5fdea41218b45b2.html\">El Mundo 18\/10\/2018<\/a><\/p>\n\n<p><strong>M\u00e9s de 350 participants a Transplant Bike 2018 <\/strong><a href=\"https:\/\/segriatv.cat\/ca\/turisme\/segriatv\/destacada\/50805\/la-transplant-bike-almenar-aplega-350-participants\/1944.html\">El Segri\u00e0 TV<\/a><\/p>\n\n<p><strong>Transplant Bike Almenar 2018 <\/strong><a href=\"https:\/\/www.segre.com\/noticies\/esports\/2018\/09\/17\/mes_tres_cents_ciclistes_la_transplant_bike_almenar_56333_1110.html\">Diari Segre 17\/09\/2018<\/a><\/p>\n\n<p><strong>La Fundaci\u00f3 Jaume Arn\u00f3 a l&#8217;Escola Joan Maragall amb motiu del Dia Mundial del Rony\u00f3 <\/strong><a href=\"https:\/\/fjarno.org\/wp-content\/uploads\/2013\/06\/0221catala.pdf\">Diari Segre 21\/02\/2018<\/a><\/p>\n\n<p><strong>Xina en segona posici\u00f3 mundial en Donaci\u00f3 despr\u00e9s d&#8217;adoptar el model espanyol<\/strong> <a href=\"http:\/\/www.cuatro.com\/noticias\/sociedad\/China-segundo-donantes-organos-adoptar_0_2482200590.html\">Cuatro.com 13\/12\/2017<\/a><\/p>\n\n<p><strong>Castella i Lle\u00f3 assoleix el trasplantament renal n\u00famero 2000<\/strong> <a href=\"http:\/\/www.lavanguardia.com\/vida\/20171211\/433568097268\/cyl-suma-el-trasplante-renal-2000-y-apuesta-por-esta-via-frente-a-dialisis.html\">La Vanguardia 11\/12\/2017<\/a><\/p>\n\n<p><strong>Rafael Matesanz exdirector de l&#8217;ONT afirma que 2017 acabar\u00e0 amb xifres r\u00e8cord en Donaci\u00f3 i Trasplantament <\/strong><a href=\"http:\/\/www.elidealgallego.com\/articulo\/sociedad\/exdirector-organizacion-nacional-trasplantes-afirma-2017-acabara-record\/20171129000016357641.html\">El ideal Gallego 29\/11\/2017<\/a><\/p>\n\n<p><strong>S&#8217;espera que Espanya superi els 3100 Trasplantaments Renals al 2017<\/strong>. <a href=\"http:\/\/www.cuatro.com\/noticias\/sociedad\/Espana-trasplantes-renales-finalizar-SEN_0_2474325672.html\">Noticias Cuatro 27\/11\/2017<\/a><\/p>\n\n<p><strong>10 fites dels Trasplantaments<\/strong> <a href=\"https:\/\/www.muyinteresante.es\/salud\/articulo\/diez-hitos-de-los-trasplantes-231511255469\">Muy Interesante.es 21\/11\/2017<\/a><\/p>\n\n<p><strong>La diabetis primera causa de Malaltia Renal Cr\u00f2nica <\/strong><a href=\"http:\/\/www.20minutos.es\/noticia\/3185732\/0\/38-pacientes-renales-baleares-que-inician-dialisis-necesitan-trasplante-presentan-diabetes\/\">20 minutos.es 14\/11\/2017<\/a><\/p>\n\n<p><strong>L&#8217;activitat f\u00edsica i una dieta baixa en calories redueixen el risc de malaltia renal en un 30%<\/strong> <a href=\"http:\/\/ecodiario.eleconomista.es\/sociedad\/noticias\/8738363\/11\/17\/El-ejercicio-fisico-y-una-dieta-baja-en-calorias-reducen-en-un-30-el-riesgo-de-enfermedad-renal.html\">EcoDiario.es 12\/11\/2017<\/a><\/p>\n\n<p><strong>Els obesos tenen el doble de possibilitats de patir malaltia Renal cr\u00f2nica<\/strong> <a href=\"http:\/\/www.20minutos.es\/noticia\/3183547\/0\/obesos-tienen-doble-posibilidades-padecer-enfermedad-renal\/\">20minutos.es 10\/11\/2017<\/a><\/p>\n\n<p><strong>El Factor TGFbeta3 possible diana per tractar la malaltia Renal associada a l&#8217;obesitat<\/strong>.<a href=\"http:\/\/ecodiario.eleconomista.es\/salud\/noticias\/8726190\/11\/17\/El-factor-de-crecimiento-TGFbeta3-posible-diana-para-tratar-la-enfermedad-renal-asociada-a-la-obesidad.html\"> ecodiario.es 6\/11\/2017<\/a><\/p>\n\n<p><strong>El consum de cafe\u00efna, positiu per a pacients renals?  <\/strong><a href=\"http:\/\/ecodiario.eleconomista.es\/salud\/noticias\/8729925\/11\/17\/El-consumo-de-cafeina-puede-ayudar-a-los-pacientes-con-enfermedad-renal-a-vivir-mas-tiempo.html\">ecodiario.es 8\/11\/2017<\/a><\/p>\n\n<p><strong>L&#8217;\u00c8xit del Trasplantament a Espanya, cada cop m\u00e9s dif\u00edcil de millorar<\/strong><a href=\"http:\/\/www.infosalus.com\/asistencia\/noticia-ont-avisa-exito-espana-trasplantes-cada-vez-mas-dificil-mejorar-20170618091254.html\"><em> i<\/em>nfosalus.com 19\/06\/2017<\/a><\/p>\n\n<p><strong>Espanya continua tenint el r\u00e8cord en Donaci\u00f3 d&#8217;\u00f2rgans.  <\/strong><a href=\"http:\/\/globovision.com\/article\/espana-bate-record-en-la-donacion-de-organos\">globovision.com 17\/04\/2017<\/a><\/p>\n\n<p><strong>La prevalen\u00e7a de la Malaltia Renal Cr\u00f2nica creix un 20% els \u00faltims 10 anys.<\/strong> <a href=\"http:\/\/www.infosalus.com\/asistencia\/noticia-prevalencia-enfermedad-renal-cronica-espana-crece-20-ultima-decada-20170302134117.html\">infosalus.com 02\/03\/2017<\/a><\/p>\n\n<p><strong>La nanotecnologia podria multiplicar el nombre d&#8217;\u00f2rgans per a trasplantament.<\/strong><a href=\"http:\/\/www.abc.es\/salud\/tecnologia-salud\/abci-nanotecnologia-podria-multiplicar-numero-organos-para-trasplante-201703011716_noticia.html\">  ABC Salud 01\/03\/2017<\/a><\/p>\n\n<p><strong>L&#8217;Hospital 12 d&#8217;Octubre realitza 17 trasplantaments en una setmana. 28\/02\/2017<\/strong> <a href=\"http:\/\/consalud.es\/pacientes\/el-hospital-12-de-octubre-realiza-17-trasplantes-en-una-semana-34117\">Consalud.es<\/a><\/p>\n\n<p><strong>M\u00e8xic veu Espanya com un referent en Donaci\u00f3 i Trasplantament<\/strong>. <a href=\"http:\/\/www.eluniversal.com.mx\/articulo\/mundo\/2017\/02\/27\/mexico-podria-donar-organos-como-espana\">El Universal 27\/02\/2017<\/a><\/p>\n\n<p><strong>El Gregorio Mara\u00f1\u00f3n encap\u00e7ala a Espanya el Trasplantament Card\u00edac Infantil el 2016.<\/strong> <a href=\"https:\/\/fjarno.org\/sala-de-premsa\/372a-encabezand-rdiaco-infantil-en-2016-ecodiario\/\">ecodiario.es 23\/02\/2017  <\/a><\/p>\n\n<p><strong>El sistema de Trasplantament Espanyol, un exemple per a Indon\u00e8sia.<\/strong> <a href=\"https:\/\/fjarno.org\/sala-de-premsa\/361ol-un-ejemplo-para-indonesia\/\">consalud.es 22\/02\/2017<\/a><a href=\"https:\/\/fjarno.org\/sala-de-premsa\/pdf\/\"><\/a><\/p>\n\n<p><strong>Repten a Xina en confer\u00e8ncia sobre Donaci\u00f3 d&#8217;\u00f2rgans.<\/strong><a href=\"https:\/\/fjarno.org\/sala-de-premsa\/china\/\">  20 minutos Internacional 10\/02\/2017  <\/a><a href=\"https:\/\/fjarno.org\/sala-de-premsa\/pdf\/\"><\/a><\/p>\n\n<p><strong>Malaltia Renal Cr\u00f2nica en majors de 75<\/strong>. <a href=\"https:\/\/fjarno.org\/sala-de-premsa\/25-de-los-mayores-de-75\/\">Catalunya Press 10 de febrer de 2017<\/a><a href=\"https:\/\/fjarno.org\/sala-de-premsa\/pdf\/\"><\/a><\/p>\n\n<p><strong>Cadena Ser Entrevista<\/strong> <a href=\"http:\/\/play.cadenaser.com\/widget\/audio\/ser_lleida_horalleida_20160310_133000_140000\/\">Dia del Rony\u00f3<\/a><a href=\"https:\/\/fjarno.org\/wp-content\/uploads\/2013\/06\/audio-1-copia.png\"><\/a><\/p>\n\n<p><strong>Diari Segre 11 de febrer de 2016<\/strong> <em><a href=\"https:\/\/fjarno.org\/wp-content\/uploads\/2013\/06\/noticia.pdf\">Donants de vida<\/a><a href=\"https:\/\/fjarno.org\/wp-content\/uploads\/2013\/06\/pdf.png\"><\/a><\/em><\/p>\n\n<p><strong>Lleida.com 10 de febrer de 2016<\/strong><em><a href=\"http:\/\/www.lleida.com\/noticia\/donants-de-vida\">Sobre la donaci\u00f3<\/a><a href=\"https:\/\/fjarno.org\/wp-content\/uploads\/2013\/06\/lupa-mini.png\"><\/a><\/em><\/p>\n\n<p><strong>Xina copia el model espanyol de Trasplantaments d&#8217;\u00f2rgans <\/strong><a href=\"http:\/\/www.antena3.com\/noticias\/mundo\/china-copia-el-modelo-espanol-de-trasplantes-de-organos_201611145829cb580cf21b20411cb19c.html\">Antena 3 noticias 24\/11\/2016<\/a><\/p>\n\n<p><strong>Diari La Ma\u00f1ana 30 de setembre de 2015 <\/strong><em><a href=\"https:\/\/fjarno.org\/wp-content\/uploads\/2013\/06\/30092015.pdf\">Salut per a tothom<\/a><\/em><\/p>\n\n<p><strong>Diari El Pa\u00eds digital 13\/01\/2016<\/strong> <a href=\"https:\/\/fjarno.org\/sala-de-premsa\/noticia-cataluna-trasplantes-2\/\">Catalunya aconsegueix r\u00e8cord de trasplantaments<\/a>.<a href=\"https:\/\/fjarno.org\/wp-content\/uploads\/2013\/06\/noticia-Catalu%C3%B1a-trasplantes.pdf\"><\/a><\/p>\n\n<p><a href=\"https:\/\/fjarno.org\/wp-content\/uploads\/2016\/01\/191116_segre.pdf\" target=\"_blank\" rel=\"noreferrer noopener\">Diario Segre 19 de noviembre de 2016 (Bus de la Salut)<\/a> <a href=\"https:\/\/fjarno.org\/wp-content\/uploads\/2016\/01\/191116_segre.pdf\"><\/a><\/p>\n","protected":false},"excerpt":{"rendered":"<p>Massachusetts proposa reduir condemnes a canvi d&#8217;\u00f2rgans cadenaser.com 06\/02\/2023 \u00d2rgans procedents de l&#8217;eutan\u00e0sia han salvat 120 vides. larazon.es 12\/12\/2022 Trasplantament pioner, cirurgia sense sang entre donant i receptor de grup sanguini incompatible. ara.cat 20\/08\/2022 Beneficis de l&#8217;activitat f\u00edsica en malaltia renal cr\u00f2nica infosalus.com 08\/07\/2022 \u00c8xit en el primer trasplantament de rony\u00f3 d&#8217;un mateix donant a [&hellip;]<\/p>\n","protected":false},"author":1,"featured_media":0,"parent":0,"menu_order":0,"comment_status":"closed","ping_status":"closed","template":"","meta":{"footnotes":""},"class_list":["post-7394","page","type-page","status-publish","hentry","entry","owp-thumbs-layout-horizontal","owp-btn-normal","owp-tabs-layout-horizontal","has-no-thumbnails","has-product-nav"],"_links":{"self":[{"href":"https:\/\/fjarno.org\/ca\/wp-json\/wp\/v2\/pages\/7394","targetHints":{"allow":["GET"]}}],"collection":[{"href":"https:\/\/fjarno.org\/ca\/wp-json\/wp\/v2\/pages"}],"about":[{"href":"https:\/\/fjarno.org\/ca\/wp-json\/wp\/v2\/types\/page"}],"author":[{"embeddable":true,"href":"https:\/\/fjarno.org\/ca\/wp-json\/wp\/v2\/users\/1"}],"replies":[{"embeddable":true,"href":"https:\/\/fjarno.org\/ca\/wp-json\/wp\/v2\/comments?post=7394"}],"version-history":[{"count":1,"href":"https:\/\/fjarno.org\/ca\/wp-json\/wp\/v2\/pages\/7394\/revisions"}],"predecessor-version":[{"id":7395,"href":"https:\/\/fjarno.org\/ca\/wp-json\/wp\/v2\/pages\/7394\/revisions\/7395"}],"wp:attachment":[{"href":"https:\/\/fjarno.org\/ca\/wp-json\/wp\/v2\/media?parent=7394"}],"curies":[{"name":"wp","href":"https:\/\/api.w.org\/{rel}","templated":true}]}}