{"id":7389,"date":"2025-10-17T13:04:59","date_gmt":"2025-10-17T13:04:59","guid":{"rendered":"https:\/\/fjarno.org\/atencio-psicologica\/"},"modified":"2025-10-29T14:35:05","modified_gmt":"2025-10-29T14:35:05","slug":"atencio-psicologica","status":"publish","type":"page","link":"https:\/\/fjarno.org\/ca\/atencio-psicologica\/","title":{"rendered":"Atenci\u00f3 psicol\u00f2gica"},"content":{"rendered":"\n<p class=\"has-text-align-center has-text-color has-link-color has-large-font-size wp-elements-58844d9a1034cea1d6c6d705a34dc8f3\" style=\"color:#5ec5c5\">Oferim atenci\u00f3 i suport psicol\u00f2gic tant als <strong>pacients<\/strong> amb malaltia renal cr\u00f2nica com als seus <strong>familiars directes<\/strong>.<\/p>\n\n<p>Les intervencions s&#8217;estableixen a partir de tres eixos: l&#8217;atenci\u00f3 individual, les sessions grupals i les sessions formatives.<\/p>\n\n<p>Les <strong>sessions individuals<\/strong> se centren a oferir un lloc on la persona pugui expressar el seu malestar, els seus dubtes, i trobar el suport necessari per dirigir la seva vida cap a la direcci\u00f3 desitjada.<\/p>\n\n<p>Les <strong>sessions grupals<\/strong> estan formades per grups \u2014preferiblement petits\u2014 els quals es reuneixen peri\u00f2dicament amb la finalitat de compartir experi\u00e8ncies i consells. \u00c9s a dir, fer un intercanvi de viv\u00e8ncies i perspectives entre els diferents membres del grup per ampliar les possibilitats de com viure amb una MRC. <\/p>\n\n<p>Les <strong>sessions formatives<\/strong> es diferencien per la seva tem\u00e0tica, per la qual cosa el seu objectiu \u00e9s m\u00e9s espec\u00edfic. Actualment disposem de tallers com ara \u201cConversaciones Re(n)ales\u201d, \u201cCom afrontar la Malaltia Renal Cr\u00f2nica\u201d i \u201cCuidar al cuidador\u201d. <\/p>\n\n<p class=\"has-black-color has-text-color has-link-color wp-elements-82a7a692b5853219710e2eed3cb1869f\"><strong>Voleu disposar d&#8217;algun d&#8217;aquests serveis?<\/strong><\/p>\n\n<p class=\"has-text-color has-link-color wp-elements-c0a78105585fa8dbdf46ff24a2959d8c\" style=\"color:#5ec5c5\">Poseu-vos en contacte amb la psic\u00f2loga de la Fundaci\u00f3:<br\/>Esther Jim\u00e9nez<br\/>esther@fjarno.org<br\/>T. 600 419 917<br\/>Horari: 9.30h a 13.30h (o fora d&#8217;aquest horari amb cita pr\u00e8via).<\/p>\n","protected":false},"excerpt":{"rendered":"<p>Oferim atenci\u00f3 i suport psicol\u00f2gic tant als pacients amb malaltia renal cr\u00f2nica com als seus familiars directes. Les intervencions s&#8217;estableixen a partir de tres eixos: l&#8217;atenci\u00f3 individual, les sessions grupals i les sessions formatives. Les sessions individuals se centren a oferir un lloc on la persona pugui expressar el seu malestar, els seus dubtes, i [&hellip;]<\/p>\n","protected":false},"author":1,"featured_media":0,"parent":0,"menu_order":0,"comment_status":"closed","ping_status":"closed","template":"","meta":{"footnotes":""},"class_list":["post-7389","page","type-page","status-publish","hentry","entry","owp-thumbs-layout-horizontal","owp-btn-normal","owp-tabs-layout-horizontal","has-no-thumbnails","has-product-nav"],"_links":{"self":[{"href":"https:\/\/fjarno.org\/ca\/wp-json\/wp\/v2\/pages\/7389","targetHints":{"allow":["GET"]}}],"collection":[{"href":"https:\/\/fjarno.org\/ca\/wp-json\/wp\/v2\/pages"}],"about":[{"href":"https:\/\/fjarno.org\/ca\/wp-json\/wp\/v2\/types\/page"}],"author":[{"embeddable":true,"href":"https:\/\/fjarno.org\/ca\/wp-json\/wp\/v2\/users\/1"}],"replies":[{"embeddable":true,"href":"https:\/\/fjarno.org\/ca\/wp-json\/wp\/v2\/comments?post=7389"}],"version-history":[{"count":1,"href":"https:\/\/fjarno.org\/ca\/wp-json\/wp\/v2\/pages\/7389\/revisions"}],"predecessor-version":[{"id":7391,"href":"https:\/\/fjarno.org\/ca\/wp-json\/wp\/v2\/pages\/7389\/revisions\/7391"}],"wp:attachment":[{"href":"https:\/\/fjarno.org\/ca\/wp-json\/wp\/v2\/media?parent=7389"}],"curies":[{"name":"wp","href":"https:\/\/api.w.org\/{rel}","templated":true}]}}