{"id":7385,"date":"2025-10-17T13:03:25","date_gmt":"2025-10-17T13:03:25","guid":{"rendered":"https:\/\/fjarno.org\/gestio-administrativa\/"},"modified":"2025-10-29T14:35:05","modified_gmt":"2025-10-29T14:35:05","slug":"gestio-administrativa","status":"publish","type":"page","link":"https:\/\/fjarno.org\/ca\/gestio-administrativa\/","title":{"rendered":"Gesti\u00f3 administrativa"},"content":{"rendered":"\n<figure class=\"wp-block-image size-large\"><img loading=\"lazy\" decoding=\"async\" width=\"1024\" height=\"683\" src=\"https:\/\/fjarno.org\/wp-content\/uploads\/2025\/10\/Gestion-administrativa-scaled-1-1024x683.jpg\" alt=\"\" class=\"wp-image-6258\" srcset=\"https:\/\/fjarno.org\/wp-content\/uploads\/2025\/10\/Gestion-administrativa-scaled-1-1024x683.jpg 1024w, https:\/\/fjarno.org\/wp-content\/uploads\/2025\/10\/Gestion-administrativa-scaled-1-600x400.jpg 600w, https:\/\/fjarno.org\/wp-content\/uploads\/2025\/10\/Gestion-administrativa-scaled-1-300x200.jpg 300w, https:\/\/fjarno.org\/wp-content\/uploads\/2025\/10\/Gestion-administrativa-scaled-1-768x512.jpg 768w, https:\/\/fjarno.org\/wp-content\/uploads\/2025\/10\/Gestion-administrativa-scaled-1-1536x1024.jpg 1536w, https:\/\/fjarno.org\/wp-content\/uploads\/2025\/10\/Gestion-administrativa-scaled-1-2048x1366.jpg 2048w\" sizes=\"auto, (max-width: 1024px) 100vw, 1024px\" \/><\/figure>\n\n<p class=\"has-text-align-center\">La Fundaci\u00f3 Renal Jaume Arn\u00f3 \u00e9s una entitat sense \u00e0nim de lucre, privada i independent d&#8217;empreses, institucions o partits pol\u00edtics, constitu\u00efda mitjan\u00e7ant escriptura p\u00fablica; atorgada davant el notari de Lleida senyor Luis Prados Ramos el 12 de mar\u00e7 de 2008 amb el n\u00famero 518 del seu protocol i esmenada per una altra, atorgada davant el mateix notari, el 4 de setembre de 2008 amb el n\u00famero 1.425 del seu protocol; pel senyor Jaume Arn\u00f3 Ferrer i que est\u00e0 inscrita al Registre de Fundacions Assistencials del Ministeri d&#8217;Educaci\u00f3, Pol\u00edtica Social i Esport, P\u00ba Castellana, 67 \u2013 6a Planta \u2013 28046 Madrid amb el n\u00famero de 25-0040.<\/p>\n\n<details class=\"wp-block-details CODIGOS is-layout-flow wp-block-details-is-layout-flow\"><summary>ESTATUTS<\/summary>\n<p>Els estatuts de la Fundaci\u00f3 reflecteixen fidelment la seva missi\u00f3, les seves activitats i la manera de com dur-les a terme, aix\u00ed com les normes mitjan\u00e7ant les quals es dirigeix, quins s\u00f3n els seus \u00f2rgans de govern i com s&#8217;organitza.<\/p>\n\n\n\n<p><strong>Missi\u00f3<\/strong><\/p>\n\n\n\n<p>La Fundaci\u00f3 t\u00e9 finalitats sanit\u00e0ries i assistencials, que es concreten en els seg\u00fcents:<\/p>\n\n\n\n<ol class=\"wp-block-list\">\n<li>Oferir tot tipus de serveis d&#8217;\u00edndole assistencial al col\u00b7lectiu de pacients amb malaltia renal.<\/li>\n\n\n\n<li>Propiciar i estendre el diagn\u00f2stic preco\u00e7, la prevenci\u00f3 i el tractament de les malalties renals i altres patologies associades a la mateixa.<\/li>\n\n\n\n<li>Donar a con\u00e8ixer la situaci\u00f3 de la malaltia renal, i el que suposa la donaci\u00f3 d&#8217;\u00f2rgans, al conjunt de la societat.<\/li>\n\n\n\n<li>Promoure unitats de voluntaris en suport al malalt renal i la seva fam\u00edlia pel que fa a necessitats assistencials (t\u00e8cniques domicili\u00e0ries de di\u00e0lisi i altres).<\/li>\n<\/ol>\n\n\n\n<p><strong>Activitats<\/strong><\/p>\n\n\n\n<p>El desenvolupament dels fins de la Fundaci\u00f3 s&#8217;efectuar\u00e0 a trav\u00e9s d&#8217;algunes de les seg\u00fcents activitats i formes d&#8217;actuaci\u00f3:<\/p>\n\n\n\n<p>\u2013 Per la Fundaci\u00f3 directament en Centres propis.<\/p>\n\n\n\n<p>\u2013 Concedint ajudes econ\u00f2miques personals o a equips de persones.<\/p>\n\n\n\n<p>\u2013 Atorgant subvencions a institucions.<\/p>\n\n\n\n<p>\u2013 Campanyes de promoci\u00f3 de voluntariat, aix\u00ed com accions de formaci\u00f3 i organitzaci\u00f3 dels voluntaris.<\/p>\n\n\n\n<p>\u2013 Campanyes de difusi\u00f3 de la import\u00e0ncia dels trasplantaments i la necessitat de donacions.<\/p>\n\n\n\n<p>\u2013 Participant i col\u00b7laborant en el desenvolupament de les activitats d&#8217;altres entitats que realitzin activitats coincidents o complement\u00e0ries amb les pr\u00f2pies de la Fundaci\u00f3.<\/p>\n\n\n\n<p>\u2013 Mitjan\u00e7ant la realitzaci\u00f3 d&#8217;estudis, investigacions, cursos i confer\u00e8ncies.<\/p>\n\n\n\n<p>\u2013 Mitjan\u00e7ant publicacions, exposicions, concessions de premis, pr\u00e8via convocat\u00f2ria de concursos, i altres activitats cient\u00edfiques.<\/p>\n\n\n\n<p>\u2013 Facilitant assessoraments a persones f\u00edsiques i entitats i institucions mitjan\u00e7ant guies d&#8217;actuaci\u00f3 i normes de qualitat.<\/p>\n\n\n\n<p><a href=\"https:\/\/fjarno.org\/gestio-administrativa\/espanol-estatutos\/estatutos-firmados\/\">Estatuts de la Fundaci\u00f3 Renal <\/a><a href=\"https:\/\/fjarno.org\/wp-content\/uploads\/2025\/10\/ESTATUTOS-FIRMADOS.pdf\">Jaume<\/a><a href=\"https:\/\/fjarno.org\/gestio-administrativa\/espanol-estatutos\/estatutos-firmados\/\"> Arn\u00f3<\/a><\/p>\n<\/details>\n\n<details class=\"wp-block-details CODIGOS is-layout-flow wp-block-details-is-layout-flow\"><summary>INSCRIPCI\u00d3<\/summary>\n<p>La Fundaci\u00f3 Renal Jaume Arn\u00f3 t\u00e9 un \u00e0mbit territorial estatal, per la qual cosa es troba inscrita al Registre de Fundacions Assistencials del Ministeri d&#8217;Educaci\u00f3, Pol\u00edtica Social i Esport, P\u00ba Castellana, 67 \u2013 6a Planta \u2013 28046 Madrid amb el n\u00famero de 25-0040.<\/p>\n\n\n\n<p><a href=\"https:\/\/fjarno.org\/wp-content\/uploads\/2025\/10\/Resolucion-Registro-FRJA.pdf\">Resoluci\u00f3 de Registre FRJA<\/a><\/p>\n<\/details>\n\n<details class=\"wp-block-details CODIGOS is-layout-flow wp-block-details-is-layout-flow\"><summary>MECENATGE<\/summary>\n<p>Per facilitar la col\u00b7laboraci\u00f3 de persones, entitats i institucions, des de l&#8217;inici de la nostra activitat realitzem les gestions oportunes per ser inclosos entre les entitats regulades per la Llei 49\/2002, de 23 de desembre, de r\u00e8gim fiscal de les entitats sense \u00e0nim de lucre i dels incentius fiscals al mecenatge.<\/p>\n\n\n\n<p><a href=\"https:\/\/fjarno.org\/wp-content\/uploads\/2025\/10\/CERTIFICADO-LEY-MECENAZGO-FRJA.pdf\">Certificat Llei Mecenatge FRJA<\/a><\/p>\n<\/details>\n\n<details class=\"wp-block-details CODIGOS is-layout-flow wp-block-details-is-layout-flow\"><summary>\u00d2RGANS<\/summary>\n<p>El 14 de desembre de 2012, el Patronat de la Fundaci\u00f3 Renal Jaume Arn\u00f3, pren l&#8217;acord de constituir una delegaci\u00f3 de l&#8217;entitat a Catalunya. Realitzats els tr\u00e0mits corresponents, des de la Direcci\u00f3 General de Dret i d&#8217;Entitats Jur\u00eddiques del Departament de Just\u00edcia de la Generalitat de Catalunya, ens comuniquen la inscripci\u00f3 de la Delegaci\u00f3 de la Fundaci\u00f3 Renal Jaume Arn\u00f3 a Catalunya en el registre de fundacions amb el n\u00famero 39. <\/p>\n\n\n\n<p>Els representants de la Delegaci\u00f3 de Catalunya seran els senyors Jos\u00e9 Ignacio Gracia Camacho i Jordi Costa Llor, com a persones designades pel Patronat de la Fundaci\u00f3 Renal Jaume Arn\u00f3 en la reuni\u00f3 de data 2 de desembre de 2013, el primer en les funcions de delegat de la Delegaci\u00f3 de la Fundaci\u00f3 Renal Jaume Arn\u00f3 a Catalunya, i el segon per a les funcions de secretari de la Delegaci\u00f3.<\/p>\n\n\n\n<p><a href=\"https:\/\/fjarno.org\/wp-content\/uploads\/2025\/10\/delegacio-frja-a-Catalunya.pdf\" data-type=\"attachment\" data-id=\"6263\">Delegaci\u00f3 FRJA a Catalunya<\/a><\/p>\n<\/details>\n\n<details class=\"wp-block-details CODIGOS is-layout-flow wp-block-details-is-layout-flow\"><summary>CONVENIS<\/summary>\n<p>Per al bon desenvolupament dels projectes aprovats pel Patronat de la Fundaci\u00f3, hem buscat la col\u00b7laboraci\u00f3 tant d&#8217;entitats p\u00fabliques com privades, amics, col\u00b7laboradors puntuals, etc. Per a major transpar\u00e8ncia d&#8217;on procedeixen els fons p\u00fablics que gestionem o amb quines entitats p\u00fabliques hem realitzat convenis, encara que no siguin de car\u00e0cter econ\u00f2mic, publiquem aqu\u00ed tots els convenis realitzats amb aquestes institucions. <\/p>\n\n\n\n<p><strong>Universitat de Lleida<\/strong><\/p>\n\n\n\n<p><a href=\"https:\/\/fjarno.org\/wp-content\/uploads\/2025\/10\/Convenio-UdL-Master.pdf\" data-type=\"attachment\" data-id=\"6272\">Conveni UdL M\u00e0ster<\/a><\/p>\n\n\n\n<p><a href=\"https:\/\/fjarno.org\/wp-content\/uploads\/2025\/10\/Convenio-UdL-Curso-Expertos.pdf\" data-type=\"attachment\" data-id=\"6271\">Conveni UdL Curs Experts<\/a><\/p>\n\n\n\n<p><strong>Institut de Recerca Biom\u00e8dica de Lleida, Fundaci\u00f3 Dr. Pifarr\u00e9<\/strong><\/p>\n\n\n\n<p><a href=\"https:\/\/fjarno.org\/wp-content\/uploads\/2025\/10\/Conveni-marc-IRBLleida-FRJA.pdf\" data-type=\"attachment\" data-id=\"6270\">Conveni marc IRB Lleida-FRJA<\/a><\/p>\n\n\n\n<p><a href=\"https:\/\/fjarno.org\/wp-content\/uploads\/2025\/10\/Conveni-FRJA-IRBLLEIDA-2015.pdf\" data-type=\"attachment\" data-id=\"6269\">Conveni FRJA-IRB Lleida 2015<\/a><\/p>\n\n\n\n<p><a href=\"https:\/\/fjarno.org\/wp-content\/uploads\/2025\/10\/Convenio-IRB-FRJA-2016.pdf\">Conveni FRJA-IRB Lleida 2016<\/a><\/p>\n\n\n\n<p><strong>Institut Catal\u00e0 de la Salut<\/strong><\/p>\n\n\n\n<p><a href=\"https:\/\/fjarno.org\/wp-content\/uploads\/2025\/10\/Convenio-Salut-accessible.pdf\">Conveni Salut Accessible<\/a><\/p>\n\n\n\n<p><strong>Diputaci\u00f3 Provincial de Lleida<\/strong><\/p>\n\n\n\n<p><a href=\"https:\/\/fjarno.org\/wp-content\/uploads\/2025\/10\/Convenio-Diputacion-Lleida.pdf\">Conveni Diputaci\u00f3 de Lleida<\/a><\/p>\n\n\n\n<p><strong>AJUDES I SUBVENCIONS<\/strong><\/p>\n\n\n\n<p><strong>Projecte Salut Accessible<\/strong><\/p>\n\n\n\n<p><a href=\"https:\/\/fjarno.org\/wp-content\/uploads\/2025\/10\/subvencio-diputacio-salut-accessible.pdf\">Salut Accessible<\/a><\/p>\n\n\n\n<p><strong>Projecte Lleida per la Donaci\u00f3<\/strong><\/p>\n\n\n\n<p><a href=\"https:\/\/fjarno.org\/wp-content\/uploads\/2016\/09\/Diputaci%C3%B3-Lleida-per-la-donaci%C3%B3.pdf\">Projecte Lleida per la donaci\u00f3<\/a><\/p>\n<\/details>\n\n<details class=\"wp-block-details CODIGOS is-layout-flow wp-block-details-is-layout-flow\"><summary>PLA D&#8217;IGUALTAT<\/summary>\n<p><a href=\"https:\/\/fjarno.org\/wp-content\/uploads\/2025\/10\/PLAN-DE-IGUALDAD.pdf\" target=\"_blank\" rel=\"noreferrer noopener\">Consulta la pol\u00edtica d&#8217;igualtat de la Fundaci\u00f3.<\/a><\/p>\n<\/details>\n\n<details class=\"wp-block-details CODIGOS is-layout-flow wp-block-details-is-layout-flow\"><summary>POL\u00cdTICA DE QUALITAT<\/summary>\n<p><a href=\"https:\/\/fjarno.org\/wp-content\/uploads\/2025\/10\/CALIDAD-CAST.pdf\" target=\"_blank\" rel=\"noreferrer noopener\">Consulta la pol\u00edtica de qualitat de la Fundaci\u00f3.<\/a><\/p>\n<\/details>\n\n<details class=\"wp-block-details CODIGOS is-layout-flow wp-block-details-is-layout-flow\" style=\"text-transform:uppercase\"><summary>Certificat de gesti\u00f3 de qualitat ISO 9001:2015<\/summary>\n<figure class=\"wp-block-image size-full is-resized\"><img loading=\"lazy\" decoding=\"async\" width=\"600\" height=\"502\" src=\"https:\/\/fjarno.org\/wp-content\/uploads\/2025\/10\/9001-600x502-1.png\" alt=\"\" class=\"wp-image-6280\" style=\"width:190px;height:auto\" srcset=\"https:\/\/fjarno.org\/wp-content\/uploads\/2025\/10\/9001-600x502-1.png 600w, https:\/\/fjarno.org\/wp-content\/uploads\/2025\/10\/9001-600x502-1-300x251.png 300w\" sizes=\"auto, (max-width: 600px) 100vw, 600px\" \/><\/figure>\n\n\n\n<p><a href=\"https:\/\/fjarno.org\/wp-content\/uploads\/2025\/10\/Certificado-9001.pdf\" target=\"_blank\" rel=\"noreferrer noopener\">Consulta el Certificat de gesti\u00f3 de qualitat ISO 9001:2015.<\/a><\/p>\n<\/details>\n\n<details class=\"wp-block-details CODIGOS is-layout-flow wp-block-details-is-layout-flow\" style=\"text-transform:uppercase\"><summary>Pla de Voluntariat<\/summary>\n<p><a href=\"https:\/\/fjarno.org\/wp-content\/uploads\/2022\/11\/PLAN-DEL-VOLUNTARIADO-FRJA.pdf\" target=\"_blank\" rel=\"noreferrer noopener\">Consulta el Pla de Voluntariat.<\/a><\/p>\n<\/details>\n\n<details class=\"wp-block-details CODIGOS is-layout-flow wp-block-details-is-layout-flow\"><summary>C\u00d2DIC \u00c8TIC<\/summary>\n<p><a href=\"https:\/\/fjarno.org\/wp-content\/uploads\/2025\/10\/Codigo-Etico.pdf\">Consulta el codi \u00e8tic.<\/a><\/p>\n<\/details>\n","protected":false},"excerpt":{"rendered":"<p>La Fundaci\u00f3 Renal Jaume Arn\u00f3 \u00e9s una entitat sense \u00e0nim de lucre, privada i independent d&#8217;empreses, institucions o partits pol\u00edtics, constitu\u00efda mitjan\u00e7ant escriptura p\u00fablica; atorgada davant el notari de Lleida senyor Luis Prados Ramos el 12 de mar\u00e7 de 2008 amb el n\u00famero 518 del seu protocol i esmenada per una altra, atorgada davant el [&hellip;]<\/p>\n","protected":false},"author":1,"featured_media":0,"parent":0,"menu_order":0,"comment_status":"closed","ping_status":"closed","template":"","meta":{"footnotes":""},"class_list":["post-7385","page","type-page","status-publish","hentry","entry","owp-thumbs-layout-horizontal","owp-btn-normal","owp-tabs-layout-horizontal","has-no-thumbnails","has-product-nav"],"_links":{"self":[{"href":"https:\/\/fjarno.org\/ca\/wp-json\/wp\/v2\/pages\/7385","targetHints":{"allow":["GET"]}}],"collection":[{"href":"https:\/\/fjarno.org\/ca\/wp-json\/wp\/v2\/pages"}],"about":[{"href":"https:\/\/fjarno.org\/ca\/wp-json\/wp\/v2\/types\/page"}],"author":[{"embeddable":true,"href":"https:\/\/fjarno.org\/ca\/wp-json\/wp\/v2\/users\/1"}],"replies":[{"embeddable":true,"href":"https:\/\/fjarno.org\/ca\/wp-json\/wp\/v2\/comments?post=7385"}],"version-history":[{"count":1,"href":"https:\/\/fjarno.org\/ca\/wp-json\/wp\/v2\/pages\/7385\/revisions"}],"predecessor-version":[{"id":7388,"href":"https:\/\/fjarno.org\/ca\/wp-json\/wp\/v2\/pages\/7385\/revisions\/7388"}],"wp:attachment":[{"href":"https:\/\/fjarno.org\/ca\/wp-json\/wp\/v2\/media?parent=7385"}],"curies":[{"name":"wp","href":"https:\/\/api.w.org\/{rel}","templated":true}]}}