{"id":7379,"date":"2025-10-17T13:03:25","date_gmt":"2025-10-17T13:03:25","guid":{"rendered":"https:\/\/fjarno.org\/gestio-economica\/"},"modified":"2025-10-29T15:01:35","modified_gmt":"2025-10-29T15:01:35","slug":"gestio-economica","status":"publish","type":"page","link":"https:\/\/fjarno.org\/ca\/gestio-economica\/","title":{"rendered":"Gesti\u00f3 econ\u00f2mica"},"content":{"rendered":"\n<p>A trav\u00e9s de la presentaci\u00f3 dels comptes al Protectorat, cosa que es fa anualment, la Fundaci\u00f3 dona compliment a la seva obligaci\u00f3 de retre comptes en funci\u00f3 dels seus projectes, l&#8217;origen dels fons i el dest\u00ed dels mateixos i els beneficiaris a qui es dirigeix l&#8217;acci\u00f3.<\/p>\n\n<p>Aix\u00ed mateix, queda reflectit el compliment i l&#8217;execuci\u00f3 de les activitats, les ajudes i donacions rebudes, aix\u00ed com l&#8217;inventari del Patrimoni de l&#8217;entitat.<\/p>\n\n<p>Per incrementar encara m\u00e9s la transpar\u00e8ncia i fer una gesti\u00f3 m\u00e9s efica\u00e7 i adequada de l&#8217;economia de la Fundaci\u00f3, els comptes anuals de l&#8217;exercici econ\u00f2mic de 2015, i successius, compten amb la realitzaci\u00f3 d&#8217;una auditoria externa, que s&#8217;adjunta a la Mem\u00f2ria Econ\u00f2mica.<\/p>\n\n<p><strong>MEM\u00d2RIA ECON\u00d2MICA<\/strong><\/p>\n\n<p><a href=\"https:\/\/fjarno.org\/wp-content\/uploads\/2025\/10\/MEMORIA-2024-1.pdf\">Any 2024 Auditoria i comptes anuals<\/a><\/p>\n\n<p><a href=\"https:\/\/fjarno.org\/wp-content\/uploads\/2025\/10\/MEMORIA-2022-Documentos-de-Google_compressed.pdf\" data-type=\"attachment\" data-id=\"6306\">Any 2022 Mem\u00f2ria de Comptes Anuals<\/a><\/p>\n\n<p><a href=\"https:\/\/fjarno.org\/wp-content\/uploads\/2025\/10\/Auditoria-2021.pdf\" data-type=\"attachment\" data-id=\"6312\">Any 2021 Auditoria 2021<\/a><\/p>\n\n<p><a href=\"https:\/\/fjarno.org\/wp-content\/uploads\/2025\/10\/Auditoria-2020.pdf\" data-type=\"attachment\" data-id=\"6311\">Any 2020 Auditoria 2020<\/a><\/p>\n\n<p><a href=\"https:\/\/fjarno.org\/wp-content\/uploads\/2025\/10\/Auditoria-2019.pdf\" data-type=\"attachment\" data-id=\"6310\">Any 2019 Auditoria 2019<\/a><\/p>\n\n<p><a href=\"https:\/\/fjarno.org\/wp-content\/uploads\/2025\/10\/Auditoria-2018.pdf\" data-type=\"attachment\" data-id=\"6309\">Any 2018 Auditoria 2018<\/a><\/p>\n\n<p><a href=\"https:\/\/fjarno.org\/wp-content\/uploads\/2025\/10\/Memoria-2017-CAST-ilovepdf-compressed.pdf\" data-type=\"attachment\" data-id=\"6302\">Any 2017 Informe Auditoria i Mem\u00f2ria de Comptes Anuals<\/a><\/p>\n\n<p><a href=\"https:\/\/fjarno.org\/wp-content\/uploads\/2025\/10\/Auditoria-2016.pdf\" data-type=\"attachment\" data-id=\"6307\">Any 2016. Informe Auditoria i Mem\u00f2ria de Comptes Anuals<\/a><\/p>\n\n<p><a href=\"https:\/\/fjarno.org\/wp-content\/uploads\/2025\/10\/MEMORIA-2015.pdf\" data-type=\"attachment\" data-id=\"6300\">Any 2015. Informe Auditoria i Mem\u00f2ria de Comptes Anuals<\/a><\/p>\n\n<p><strong>MEM\u00d2RIA ACTIVITATS<\/strong><\/p>\n\n<p><a href=\"https:\/\/fjarno.org\/wp-content\/uploads\/2025\/10\/CUENTAS-ANUALES-2024.pdf\">COMPTES ANUALS 2024<\/a><\/p>\n\n<p><a href=\"https:\/\/fjarno.org\/wp-content\/uploads\/2025\/10\/CCAA-2023-FRJA.pdf\">COMPTES ANUALS 2023<\/a><\/p>\n\n<p><a href=\"https:\/\/fjarno.org\/wp-content\/uploads\/2024\/12\/MEMORIA-2023.pdf\">MEM\u00d2RIA FRJA exercici 2023<\/a><\/p>\n\n<p><a href=\"https:\/\/fjarno.org\/ca\/memoria-2022-documentos-de-google_compressed\/\">Mem\u00f2ria FRJA exercici 2022<\/a><\/p>\n\n<p><a href=\"https:\/\/fjarno.org\/ca\/memoria-2021-cast\/\">Mem\u00f2ria FRJA exercici 2021<\/a><\/p>\n\n<p><a href=\"https:\/\/fjarno.org\/ca\/memoria-2020-cast\/\">Mem\u00f2ria FRJA exercici 2020<\/a><\/p>\n\n<p><a href=\"https:\/\/fjarno.org\/ca\/memoria-2019\/\">Mem\u00f2ria FRJA exercici 2019<\/a><\/p>\n\n<p><a href=\"https:\/\/fjarno.org\/wp-content\/uploads\/2016\/09\/Memoria-2018-CAsT-ilovepdf-compressed.pdf\">Mem\u00f2ria FRJA exercici 2018<\/a><\/p>\n\n<p><a href=\"https:\/\/fjarno.org\/wp-content\/uploads\/2016\/09\/Mem%C3%B2ria-2017-CAST-ilovepdf-compressed.pdf\">Mem\u00f2ria FRJA exercici 2017<\/a><\/p>\n\n<p><a href=\"https:\/\/fjarno.org\/wp-content\/uploads\/2016\/09\/Memoria-Cast.pdf\">Mem\u00f2ria FRJA exercici 2016<\/a><\/p>\n\n<p><a href=\"https:\/\/fjarno.org\/ca\/memoria-2015\/\">Mem\u00f2ria FRJA exercici 2015<\/a><\/p>\n\n<p><a href=\"https:\/\/fjarno.org\/ca\/memoria-2013-2014\/\">Mem\u00f2ria FRJA exercici 2014<\/a><\/p>\n\n<p><a href=\"https:\/\/fjarno.org\/wp-content\/uploads\/2016\/09\/MEMORIA-2013.pdf\">Mem\u00f2ria FRJA exercici 2013<\/a><\/p>\n","protected":false},"excerpt":{"rendered":"<p>A trav\u00e9s de la presentaci\u00f3 dels comptes al Protectorat, cosa que es fa anualment, la Fundaci\u00f3 dona compliment a la seva obligaci\u00f3 de retre comptes en funci\u00f3 dels seus projectes, l&#8217;origen dels fons i el dest\u00ed dels mateixos i els beneficiaris a qui es dirigeix l&#8217;acci\u00f3. Aix\u00ed mateix, queda reflectit el compliment i l&#8217;execuci\u00f3 de [&hellip;]<\/p>\n","protected":false},"author":1,"featured_media":0,"parent":0,"menu_order":0,"comment_status":"closed","ping_status":"closed","template":"","meta":{"footnotes":""},"class_list":["post-7379","page","type-page","status-publish","hentry","entry","owp-thumbs-layout-horizontal","owp-btn-normal","owp-tabs-layout-horizontal","has-no-thumbnails","has-product-nav"],"_links":{"self":[{"href":"https:\/\/fjarno.org\/ca\/wp-json\/wp\/v2\/pages\/7379","targetHints":{"allow":["GET"]}}],"collection":[{"href":"https:\/\/fjarno.org\/ca\/wp-json\/wp\/v2\/pages"}],"about":[{"href":"https:\/\/fjarno.org\/ca\/wp-json\/wp\/v2\/types\/page"}],"author":[{"embeddable":true,"href":"https:\/\/fjarno.org\/ca\/wp-json\/wp\/v2\/users\/1"}],"replies":[{"embeddable":true,"href":"https:\/\/fjarno.org\/ca\/wp-json\/wp\/v2\/comments?post=7379"}],"version-history":[{"count":2,"href":"https:\/\/fjarno.org\/ca\/wp-json\/wp\/v2\/pages\/7379\/revisions"}],"predecessor-version":[{"id":7495,"href":"https:\/\/fjarno.org\/ca\/wp-json\/wp\/v2\/pages\/7379\/revisions\/7495"}],"wp:attachment":[{"href":"https:\/\/fjarno.org\/ca\/wp-json\/wp\/v2\/media?parent=7379"}],"curies":[{"name":"wp","href":"https:\/\/api.w.org\/{rel}","templated":true}]}}