{"id":7376,"date":"2025-10-17T13:04:59","date_gmt":"2025-10-17T13:04:59","guid":{"rendered":"https:\/\/fjarno.org\/desplacaments-en-dialisi\/"},"modified":"2025-10-29T14:35:04","modified_gmt":"2025-10-29T14:35:04","slug":"desplacaments-en-dialisi","status":"publish","type":"page","link":"https:\/\/fjarno.org\/ca\/desplacaments-en-dialisi\/","title":{"rendered":"Despla\u00e7aments en Di\u00e0lisi"},"content":{"rendered":"\n<p class=\"has-text-color has-link-color has-medium-font-size wp-elements-deab068a99bed5c7d85dc7fcf1a1734b\" style=\"color:#5ec5c5\">Gestionem tots els tr\u00e0mits necessaris per afavorir els despla\u00e7aments dels pacients durant el tractament en hemodi\u00e0lisi o di\u00e0lisi peritoneal. Cerca de lloc, sol\u00b7licituds de places, tramitaci\u00f3 de documents, etc., tant a Espanya com en altres pa\u00efsos amb conveni sanitari internacional. <\/p>\n\n<p>Tot i que hi ha diverses causes per les quals es tramiten aquestes places (laborals, familiars, vacances, etc.), \u00e9s per a nosaltres molt important facilitar la possibilitat de no sentir-se atrapat pel tractament. Facilitar aquesta pr\u00e0ctica ens sembla de vital import\u00e0ncia per a la rehabilitaci\u00f3 psicosocial del col\u00b7lectiu. <\/p>\n\n<p>Demaneu-nos m\u00e9s informaci\u00f3.<\/p>\n\n<div class=\"wp-block-contact-form-7-contact-form-selector\">\n<div class=\"wpcf7 no-js\" id=\"wpcf7-f6996-o1\" lang=\"ca\" dir=\"ltr\" data-wpcf7-id=\"6996\">\n<div class=\"screen-reader-response\"><p role=\"status\" aria-live=\"polite\" aria-atomic=\"true\"><\/p> <ul><\/ul><\/div>\n<form action=\"\/ca\/wp-json\/wp\/v2\/pages\/7376#wpcf7-f6996-o1\" method=\"post\" class=\"wpcf7-form init\" aria-label=\"Formulari de contacte\" novalidate=\"novalidate\" data-status=\"init\">\n<fieldset class=\"hidden-fields-container\"><input type=\"hidden\" name=\"_wpcf7\" value=\"6996\" \/><input type=\"hidden\" name=\"_wpcf7_version\" value=\"6.1.5\" \/><input type=\"hidden\" name=\"_wpcf7_locale\" value=\"ca\" \/><input type=\"hidden\" name=\"_wpcf7_unit_tag\" value=\"wpcf7-f6996-o1\" \/><input type=\"hidden\" name=\"_wpcf7_container_post\" value=\"0\" \/><input type=\"hidden\" name=\"_wpcf7_posted_data_hash\" value=\"\" \/>\n<\/fieldset>\n<p><label> El vostre nom<br \/>\n<span class=\"wpcf7-form-control-wrap\" data-name=\"your-name\"><input size=\"40\" maxlength=\"400\" class=\"wpcf7-form-control wpcf7-text wpcf7-validates-as-required\" autocomplete=\"name\" aria-required=\"true\" aria-invalid=\"false\" value=\"\" type=\"text\" name=\"your-name\" \/><\/span> <\/label>\n<\/p>\n<p><label> El vostre correu electr\u00f2nic<br \/>\n<span class=\"wpcf7-form-control-wrap\" data-name=\"your-email\"><input size=\"40\" maxlength=\"400\" class=\"wpcf7-form-control wpcf7-email wpcf7-validates-as-required wpcf7-text wpcf7-validates-as-email\" autocomplete=\"email\" aria-required=\"true\" aria-invalid=\"false\" value=\"\" type=\"email\" name=\"your-email\" \/><\/span> <\/label>\n<\/p>\n<p><label> Assumpte<br \/>\n<span class=\"wpcf7-form-control-wrap\" data-name=\"your-subject\"><input size=\"40\" maxlength=\"400\" class=\"wpcf7-form-control wpcf7-text wpcf7-validates-as-required\" aria-required=\"true\" aria-invalid=\"false\" value=\"\" type=\"text\" name=\"your-subject\" \/><\/span> <\/label>\n<\/p>\n<p><label> El vostre missatge (opcional)<br \/>\n<span class=\"wpcf7-form-control-wrap\" data-name=\"your-message\"><textarea cols=\"40\" rows=\"10\" maxlength=\"2000\" class=\"wpcf7-form-control wpcf7-textarea\" aria-invalid=\"false\" name=\"your-message\"><\/textarea><\/span> <\/label>\n<\/p>\n<p><input class=\"wpcf7-form-control wpcf7-submit has-spinner\" type=\"submit\" value=\"Enviar\" \/>\n<\/p><div class=\"wpcf7-response-output\" aria-hidden=\"true\"><\/div>\n<\/form>\n<\/div>\n<\/div>\n","protected":false},"excerpt":{"rendered":"<p>Gestionem tots els tr\u00e0mits necessaris per afavorir els despla\u00e7aments dels pacients durant el tractament en hemodi\u00e0lisi o di\u00e0lisi peritoneal. Cerca de lloc, sol\u00b7licituds de places, tramitaci\u00f3 de documents, etc., tant a Espanya com en altres pa\u00efsos amb conveni sanitari internacional. Tot i que hi ha diverses causes per les quals es tramiten aquestes places (laborals, [&hellip;]<\/p>\n","protected":false},"author":1,"featured_media":0,"parent":0,"menu_order":0,"comment_status":"closed","ping_status":"closed","template":"","meta":{"footnotes":""},"class_list":["post-7376","page","type-page","status-publish","hentry","entry","owp-thumbs-layout-horizontal","owp-btn-normal","owp-tabs-layout-horizontal","has-no-thumbnails","has-product-nav"],"_links":{"self":[{"href":"https:\/\/fjarno.org\/ca\/wp-json\/wp\/v2\/pages\/7376","targetHints":{"allow":["GET"]}}],"collection":[{"href":"https:\/\/fjarno.org\/ca\/wp-json\/wp\/v2\/pages"}],"about":[{"href":"https:\/\/fjarno.org\/ca\/wp-json\/wp\/v2\/types\/page"}],"author":[{"embeddable":true,"href":"https:\/\/fjarno.org\/ca\/wp-json\/wp\/v2\/users\/1"}],"replies":[{"embeddable":true,"href":"https:\/\/fjarno.org\/ca\/wp-json\/wp\/v2\/comments?post=7376"}],"version-history":[{"count":1,"href":"https:\/\/fjarno.org\/ca\/wp-json\/wp\/v2\/pages\/7376\/revisions"}],"predecessor-version":[{"id":7378,"href":"https:\/\/fjarno.org\/ca\/wp-json\/wp\/v2\/pages\/7376\/revisions\/7378"}],"wp:attachment":[{"href":"https:\/\/fjarno.org\/ca\/wp-json\/wp\/v2\/media?parent=7376"}],"curies":[{"name":"wp","href":"https:\/\/api.w.org\/{rel}","templated":true}]}}