{"id":7375,"date":"2025-10-17T13:03:25","date_gmt":"2025-10-17T13:03:25","guid":{"rendered":"https:\/\/fjarno.org\/fundacio\/"},"modified":"2025-10-29T14:35:05","modified_gmt":"2025-10-29T14:35:05","slug":"fundacio","status":"publish","type":"page","link":"https:\/\/fjarno.org\/ca\/fundacio\/","title":{"rendered":"Fundaci\u00f3"},"content":{"rendered":"\n<div class=\"wp-block-cover is-light wp-duotone-dark-grayscale\"><img loading=\"lazy\" decoding=\"async\" width=\"1024\" height=\"727\" class=\"wp-block-cover__image-background wp-image-5892 size-large\" alt=\"\" src=\"https:\/\/fjarno.org\/wp-content\/uploads\/2023\/09\/Esther-dialisi-1-1024x727.png\" style=\"object-position:41% 67%\" data-object-fit=\"cover\" data-object-position=\"41% 67%\" srcset=\"https:\/\/fjarno.org\/wp-content\/uploads\/2023\/09\/Esther-dialisi-1-1024x727.png 1024w, https:\/\/fjarno.org\/wp-content\/uploads\/2023\/09\/Esther-dialisi-1-scaled-600x426.png 600w, https:\/\/fjarno.org\/wp-content\/uploads\/2023\/09\/Esther-dialisi-1-300x213.png 300w, https:\/\/fjarno.org\/wp-content\/uploads\/2023\/09\/Esther-dialisi-1-768x545.png 768w, https:\/\/fjarno.org\/wp-content\/uploads\/2023\/09\/Esther-dialisi-1-1536x1091.png 1536w, https:\/\/fjarno.org\/wp-content\/uploads\/2023\/09\/Esther-dialisi-1-2048x1454.png 2048w\" sizes=\"auto, (max-width: 1024px) 100vw, 1024px\" \/><span aria-hidden=\"true\" class=\"wp-block-cover__background has-background-dim\" style=\"background-color:#5ec5c5\"><\/span><div class=\"wp-block-cover__inner-container is-layout-constrained wp-block-cover-is-layout-constrained\">\n<h6 class=\"wp-block-heading has-text-align-center has-text-color has-link-color wp-elements-923b1186ed368c76297531375b0adf27\" style=\"color:#7bdbd1\"><strong>QUAN I PER QU\u00c8<\/strong><\/h6>\n\n\n\n<p class=\"has-text-align-center has-white-color has-text-color has-link-color has-medium-font-size wp-elements-559313af1d9d2f8357bada70b068edf2\">La Fundaci\u00f3 Renal Jaume Arn\u00f3 neix amb la vocaci\u00f3 de donar resposta a la inquietud i el comprom\u00eds personal que va adquirir el seu fundador durant l&#8217;experi\u00e8ncia viscuda com a malalt renal. L&#8217;objectiu inicial era ajudar, des de diferents punts de vista, les persones afectades per aquesta malaltia cr\u00f2nica i els seus familiars. <\/p>\n\n\n<div class=\"wp-block-image wp-duotone-rgb255255255-rgb255255255-1\">\n<figure class=\"aligncenter size-full is-resized\"><img loading=\"lazy\" decoding=\"async\" width=\"500\" height=\"157\" src=\"https:\/\/fjarno.org\/wp-content\/uploads\/2025\/10\/logo_fr1-1.png\" alt=\"\" class=\"wp-image-6600\" style=\"width:292px;height:auto\" srcset=\"https:\/\/fjarno.org\/wp-content\/uploads\/2025\/10\/logo_fr1-1.png 500w, https:\/\/fjarno.org\/wp-content\/uploads\/2025\/10\/logo_fr1-1-300x94.png 300w\" sizes=\"auto, (max-width: 500px) 100vw, 500px\" \/><\/figure>\n<\/div><\/div><\/div>\n\n<div style=\"height:100px\" aria-hidden=\"true\" class=\"wp-block-spacer\"><\/div>\n\n<p class=\"has-text-align-center has-text-color has-link-color wp-elements-f6ee7673b257cec7ac54da09a9ec59e9\" style=\"color:#5ec5c5;font-size:25px\">Des del mateix moment en qu\u00e8 es va manifestar la iniciativa ha comptat amb el suport i la col\u00b7laboraci\u00f3 il\u00b7lusionada de familiars, professionals del m\u00f3n cient\u00edfic, m\u00e8dic i acad\u00e8mic, d&#8217;entitats, amics i col\u00b7laboradors i de pacients afectats per la malaltia.<\/p>\n\n<div style=\"height:100px\" aria-hidden=\"true\" class=\"wp-block-spacer\"><\/div>\n\n<h6 class=\"wp-block-heading has-text-align-center\"><strong>RA\u00d3 DE SER<\/strong><\/h6>\n\n<p class=\"has-medium-font-size\">La Fundaci\u00f3 Renal Jaume Arn\u00f3 \u00e9s una entitat <strong>sense \u00e0nim de lucre<\/strong> l&#8217;objectiu de la qual \u00e9s recaptar prou recursos per dur a terme activitats com:<\/p>\n\n<ul class=\"wp-block-list\">\n<li>Patrocinar i col\u00b7laborar activament en la recerca cient\u00edfica, per donar suport al desenvolupament de projectes de recerca propis, d&#8217;abast nacional i internacional, centrats en la prevenci\u00f3 i el tractament de la malaltia renal.<\/li>\n\n\n\n<li>Organitzar confer\u00e8ncies, xerrades i cursos de formaci\u00f3 adre\u00e7ats a la societat en general per donar a con\u00e8ixer la malaltia i la seva problem\u00e0tica des del punt de vista del pacient i el seu entorn.<\/li>\n\n\n\n<li>Assessorar i ajudar els pacients i familiars en les gestions que s&#8217;han de realitzar en els \u00e0mbits jur\u00eddic, laboral, tributari, socioassistencial, \u00abLlei de Depend\u00e8ncia\u00bb, entre d&#8217;altres.<\/li>\n\n\n\n<li>Promoure activitats d&#8217;oci, cultura, voluntariat, tallers de formaci\u00f3, etc., dirigides fonamentalment a afavorir el benestar, l&#8217;autoestima i la millora de la qualitat de vida del malalt, potenciant el concepte de salut integral.<\/li>\n\n\n\n<li>Realitzar campanyes poblacionals de sensibilitzaci\u00f3 per difondre la import\u00e0ncia social de la donaci\u00f3 d&#8217;\u00f2rgans.<\/li>\n\n\n\n<li>I moltes m\u00e9s activitats que tindran ra\u00f3 de ser al llarg del que s&#8217;espera sigui la tasca d&#8217;aquesta fundaci\u00f3.<\/li>\n\n\n\n<li>Amb total seguretat, amb la implicaci\u00f3 i col\u00b7laboraci\u00f3 de tothom, podrem arribar a assolir aquests objectius.<\/li>\n<\/ul>\n\n<div style=\"height:100px\" aria-hidden=\"true\" class=\"wp-block-spacer\"><\/div>\n\n<figure class=\"wp-block-image alignfull size-large\"><img loading=\"lazy\" decoding=\"async\" width=\"1024\" height=\"683\" src=\"https:\/\/fjarno.org\/wp-content\/uploads\/2025\/10\/GM5D4169ok-Baja-1024x683.jpg\" alt=\"\" class=\"wp-image-6329\" srcset=\"https:\/\/fjarno.org\/wp-content\/uploads\/2025\/10\/GM5D4169ok-Baja-1024x683.jpg 1024w, https:\/\/fjarno.org\/wp-content\/uploads\/2025\/10\/GM5D4169ok-Baja-scaled-600x400.jpg 600w, https:\/\/fjarno.org\/wp-content\/uploads\/2025\/10\/GM5D4169ok-Baja-300x200.jpg 300w, https:\/\/fjarno.org\/wp-content\/uploads\/2025\/10\/GM5D4169ok-Baja-768x512.jpg 768w, https:\/\/fjarno.org\/wp-content\/uploads\/2025\/10\/GM5D4169ok-Baja-1536x1024.jpg 1536w, https:\/\/fjarno.org\/wp-content\/uploads\/2025\/10\/GM5D4169ok-Baja-2048x1365.jpg 2048w\" sizes=\"auto, (max-width: 1024px) 100vw, 1024px\" \/><\/figure>\n","protected":false},"excerpt":{"rendered":"<p>Des del mateix moment en qu\u00e8 es va manifestar la iniciativa ha comptat amb el suport i la col\u00b7laboraci\u00f3 il\u00b7lusionada de familiars, professionals del m\u00f3n cient\u00edfic, m\u00e8dic i acad\u00e8mic, d&#8217;entitats, amics i col\u00b7laboradors i de pacients afectats per la malaltia. RA\u00d3 DE SER La Fundaci\u00f3 Renal Jaume Arn\u00f3 \u00e9s una entitat sense \u00e0nim de lucre [&hellip;]<\/p>\n","protected":false},"author":1,"featured_media":0,"parent":0,"menu_order":0,"comment_status":"closed","ping_status":"closed","template":"","meta":{"footnotes":""},"class_list":["post-7375","page","type-page","status-publish","hentry","entry","owp-thumbs-layout-horizontal","owp-btn-normal","owp-tabs-layout-horizontal","has-no-thumbnails","has-product-nav"],"_links":{"self":[{"href":"https:\/\/fjarno.org\/ca\/wp-json\/wp\/v2\/pages\/7375","targetHints":{"allow":["GET"]}}],"collection":[{"href":"https:\/\/fjarno.org\/ca\/wp-json\/wp\/v2\/pages"}],"about":[{"href":"https:\/\/fjarno.org\/ca\/wp-json\/wp\/v2\/types\/page"}],"author":[{"embeddable":true,"href":"https:\/\/fjarno.org\/ca\/wp-json\/wp\/v2\/users\/1"}],"replies":[{"embeddable":true,"href":"https:\/\/fjarno.org\/ca\/wp-json\/wp\/v2\/comments?post=7375"}],"version-history":[{"count":1,"href":"https:\/\/fjarno.org\/ca\/wp-json\/wp\/v2\/pages\/7375\/revisions"}],"predecessor-version":[{"id":7377,"href":"https:\/\/fjarno.org\/ca\/wp-json\/wp\/v2\/pages\/7375\/revisions\/7377"}],"wp:attachment":[{"href":"https:\/\/fjarno.org\/ca\/wp-json\/wp\/v2\/media?parent=7375"}],"curies":[{"name":"wp","href":"https:\/\/api.w.org\/{rel}","templated":true}]}}