{"id":7372,"date":"2025-10-17T13:04:59","date_gmt":"2025-10-17T13:04:59","guid":{"rendered":"https:\/\/fjarno.org\/voluntariat-social\/"},"modified":"2025-10-29T14:35:04","modified_gmt":"2025-10-29T14:35:04","slug":"voluntariat-social","status":"publish","type":"page","link":"https:\/\/fjarno.org\/ca\/voluntariat-social\/","title":{"rendered":"Voluntariat social"},"content":{"rendered":"\n<p class=\"has-text-align-center has-text-color has-link-color has-medium-font-size wp-elements-cde0258b390b18b24ef5519f4bdc6be5\" style=\"color:#5ec5c5\">El projecte de voluntariat de la Fundaci\u00f3 Renal Jaume Arn\u00f3 vol donar resposta a una s\u00e8rie de necessitats que t\u00e9 el col\u00b7lectiu de persones que pateixen malaltia renal cr\u00f2nica de Lleida i prov\u00edncia.<\/p>\n\n<p> Mitjan\u00e7ant la creaci\u00f3 d&#8217;una borsa i uns programes de voluntariat, la Fundaci\u00f3 pret\u00e9n captar voluntaris, als quals formar\u00e0, per desenvolupar tasques d&#8217;ajuda i suport al col\u00b7lectiu i col\u00b7laborar en la preparaci\u00f3 d&#8217;activitats que organitza l&#8217;entitat.<\/p>\n\n<p>En primer lloc, volem oferir la possibilitat de ser voluntaris als pacients que es trobin en disposici\u00f3 de fer-ho, i\/o familiars, ja que la seva experi\u00e8ncia els fa m\u00e9s conscients de les necessitats i dona m\u00e9s for\u00e7a a la col\u00b7laboraci\u00f3 que puguin prestar.<\/p>\n\n<p> I, en segon lloc, donar l&#8217;oportunitat de col\u00b7laborar a la poblaci\u00f3 en general, amb la finalitat de potenciar i fomentar la solidaritat ciutadana.<\/p>\n\n<h6 class=\"wp-block-heading has-text-align-center has-text-color has-link-color wp-elements-e216470e336ef28b12b7193df07da768\" style=\"color:#5ec5c5\"><strong>Acompanyament<\/strong><\/h6>\n\n<p>Acompanyar els pacients en qualsevol situaci\u00f3 de la vida quotidiana, incloses les relacionades amb el tractament.<\/p>\n\n<p>Els voluntaris seleccionats per a aquesta activitat aniran a buscar les persones que es trobin en la necessitat de ser acompanyades per anar a fer-se proves cl\u00edniques, visites m\u00e8diques, gestions i tramitacions, anar a comprar, fer-los una estona de companyia\u2026<\/p>\n\n<h6 class=\"wp-block-heading has-text-align-center has-text-color has-link-color wp-elements-33d8e1b42f0733c7b397831fa9ae47a7\" style=\"color:#5ec5c5\"><strong>Atenci\u00f3 Domicili\u00e0ria<\/strong><\/h6>\n\n<p> Es tracta de donar suport en les cures que han de tenir les persones que realitzen tractament de di\u00e0lisi domicili\u00e0ria, tant peritoneal com hemodi\u00e0lisi, en l&#8217;horari i el temps determinat per les necessitats dels sol\u00b7licitants d&#8217;aquest servei.<\/p>\n\n<h6 class=\"wp-block-heading has-text-align-center has-text-color has-link-color wp-elements-178c7b1e69c30a5085965ed55fa2fdbe\" style=\"color:#5ec5c5\"><strong>Campanyes de sensibilitzaci\u00f3 social<\/strong><\/h6>\n\n<p> Des de la Fundaci\u00f3 requerim la col\u00b7laboraci\u00f3 de voluntaris que ens ajudin en aquestes campanyes de sensibilitzaci\u00f3 que hem programat per donar a con\u00e8ixer la malaltia renal cr\u00f2nica, els seus tractaments, la donaci\u00f3 i els trasplantaments.<\/p>\n\n<p>La seva col\u00b7laboraci\u00f3 consistir\u00e0 a difondre la informaci\u00f3 dels actes programats i participar activament en les xerrades, jornades, confer\u00e8ncies, cursos, etc., explicant la seva experi\u00e8ncia.<\/p>\n\n<h6 class=\"wp-block-heading has-text-align-center has-text-color has-link-color wp-elements-dedae3dc7910b05128e5f21747a5db4a\" style=\"color:#5ec5c5\"><strong>Formaci\u00f3<\/strong><\/h6>\n\n<p>Aquesta activitat pret\u00e9n afavorir la participaci\u00f3 de voluntaris en activitats que, a trav\u00e9s dels seus coneixements i experi\u00e8ncia, ajudin a la formaci\u00f3 d&#8217;altres persones com la realitzaci\u00f3 de cursos i tallers impartits per ells mateixos.<\/p>\n\n<h6 class=\"wp-block-heading has-text-align-center has-text-color has-link-color wp-elements-ad62e77675c9097d8430c2e29807022f\" style=\"color:#5ec5c5\"><strong>Tasques administratives<\/strong><\/h6>\n\n<p>La Fundaci\u00f3 tamb\u00e9 t\u00e9 la necessitat de comptar amb voluntaris que col\u00b7laborin en tasques d&#8217;administraci\u00f3 i gesti\u00f3 com tasques d&#8217;oficina, manteniment del web, col\u00b7laboraci\u00f3 en projectes, etc.<\/p>\n\n<p><strong>BORSA DE VOLUNTARIS<\/strong><\/p>\n\n<p>Els interessats a realitzar voluntariat a la nostra Fundaci\u00f3 desenvoluparan les seves tasques d&#8217;una forma lliure i desinteressada, aportant valors com l&#8217;altruisme, la comprensi\u00f3, la solidaritat, l&#8217;esperit c\u00edvic i el comprom\u00eds social, aportant la il\u00b7lusi\u00f3 i la dedicaci\u00f3 necess\u00e0ries per contribuir millor a les tasques que se&#8217;ls atorguin i possibilitar l&#8217;enriquiment personal que produeix l&#8217;experi\u00e8ncia.<\/p>\n\n<p> Amb el llistat de programes, els interessats podran demanar informaci\u00f3 precisa sobre les condicions en qu\u00e8 desenvolupar\u00e0 la seva acci\u00f3 volunt\u00e0ria, com drets i deures, horaris, habilitats precises per als programes, comprom\u00eds amb la Fundaci\u00f3, necessitats, condicions econ\u00f2miques, plans de formaci\u00f3 i seguiment, avaluaci\u00f3 de les activitats, etc.<\/p>\n\n<p> Amb la informaci\u00f3 precisa, podreu optar pel programa o programes que m\u00e9s s&#8217;ajustin a les vostres habilitats, horaris i disponibilitat.<\/p>\n\n<p><em><strong> Si hi esteu interessats\/ades, demaneu-nos informaci\u00f3.<\/strong><\/em><\/p>\n\n<div class=\"wp-block-contact-form-7-contact-form-selector\">\n<div class=\"wpcf7 no-js\" id=\"wpcf7-f6996-o1\" lang=\"ca\" dir=\"ltr\" data-wpcf7-id=\"6996\">\n<div class=\"screen-reader-response\"><p role=\"status\" aria-live=\"polite\" aria-atomic=\"true\"><\/p> <ul><\/ul><\/div>\n<form action=\"\/ca\/wp-json\/wp\/v2\/pages\/7372#wpcf7-f6996-o1\" method=\"post\" class=\"wpcf7-form init\" aria-label=\"Formulari de contacte\" novalidate=\"novalidate\" data-status=\"init\">\n<fieldset class=\"hidden-fields-container\"><input type=\"hidden\" name=\"_wpcf7\" value=\"6996\" \/><input type=\"hidden\" name=\"_wpcf7_version\" value=\"6.1.5\" \/><input type=\"hidden\" name=\"_wpcf7_locale\" value=\"ca\" \/><input type=\"hidden\" name=\"_wpcf7_unit_tag\" value=\"wpcf7-f6996-o1\" \/><input type=\"hidden\" name=\"_wpcf7_container_post\" value=\"0\" \/><input type=\"hidden\" name=\"_wpcf7_posted_data_hash\" value=\"\" \/>\n<\/fieldset>\n<p><label> El vostre nom<br \/>\n<span class=\"wpcf7-form-control-wrap\" data-name=\"your-name\"><input size=\"40\" maxlength=\"400\" class=\"wpcf7-form-control wpcf7-text wpcf7-validates-as-required\" autocomplete=\"name\" aria-required=\"true\" aria-invalid=\"false\" value=\"\" type=\"text\" name=\"your-name\" \/><\/span> <\/label>\n<\/p>\n<p><label> El vostre correu electr\u00f2nic<br \/>\n<span class=\"wpcf7-form-control-wrap\" data-name=\"your-email\"><input size=\"40\" maxlength=\"400\" class=\"wpcf7-form-control wpcf7-email wpcf7-validates-as-required wpcf7-text wpcf7-validates-as-email\" autocomplete=\"email\" aria-required=\"true\" aria-invalid=\"false\" value=\"\" type=\"email\" name=\"your-email\" \/><\/span> <\/label>\n<\/p>\n<p><label> Assumpte<br \/>\n<span class=\"wpcf7-form-control-wrap\" data-name=\"your-subject\"><input size=\"40\" maxlength=\"400\" class=\"wpcf7-form-control wpcf7-text wpcf7-validates-as-required\" aria-required=\"true\" aria-invalid=\"false\" value=\"\" type=\"text\" name=\"your-subject\" \/><\/span> <\/label>\n<\/p>\n<p><label> El vostre missatge (opcional)<br \/>\n<span class=\"wpcf7-form-control-wrap\" data-name=\"your-message\"><textarea cols=\"40\" rows=\"10\" maxlength=\"2000\" class=\"wpcf7-form-control wpcf7-textarea\" aria-invalid=\"false\" name=\"your-message\"><\/textarea><\/span> <\/label>\n<\/p>\n<p><input class=\"wpcf7-form-control wpcf7-submit has-spinner\" type=\"submit\" value=\"Enviar\" \/>\n<\/p><div class=\"wpcf7-response-output\" aria-hidden=\"true\"><\/div>\n<\/form>\n<\/div>\n<\/div>\n","protected":false},"excerpt":{"rendered":"<p>El projecte de voluntariat de la Fundaci\u00f3 Renal Jaume Arn\u00f3 vol donar resposta a una s\u00e8rie de necessitats que t\u00e9 el col\u00b7lectiu de persones que pateixen malaltia renal cr\u00f2nica de Lleida i prov\u00edncia. Mitjan\u00e7ant la creaci\u00f3 d&#8217;una borsa i uns programes de voluntariat, la Fundaci\u00f3 pret\u00e9n captar voluntaris, als quals formar\u00e0, per desenvolupar tasques d&#8217;ajuda [&hellip;]<\/p>\n","protected":false},"author":1,"featured_media":0,"parent":0,"menu_order":0,"comment_status":"closed","ping_status":"closed","template":"","meta":{"footnotes":""},"class_list":["post-7372","page","type-page","status-publish","hentry","entry","owp-thumbs-layout-horizontal","owp-btn-normal","owp-tabs-layout-horizontal","has-no-thumbnails","has-product-nav"],"_links":{"self":[{"href":"https:\/\/fjarno.org\/ca\/wp-json\/wp\/v2\/pages\/7372","targetHints":{"allow":["GET"]}}],"collection":[{"href":"https:\/\/fjarno.org\/ca\/wp-json\/wp\/v2\/pages"}],"about":[{"href":"https:\/\/fjarno.org\/ca\/wp-json\/wp\/v2\/types\/page"}],"author":[{"embeddable":true,"href":"https:\/\/fjarno.org\/ca\/wp-json\/wp\/v2\/users\/1"}],"replies":[{"embeddable":true,"href":"https:\/\/fjarno.org\/ca\/wp-json\/wp\/v2\/comments?post=7372"}],"version-history":[{"count":1,"href":"https:\/\/fjarno.org\/ca\/wp-json\/wp\/v2\/pages\/7372\/revisions"}],"predecessor-version":[{"id":7374,"href":"https:\/\/fjarno.org\/ca\/wp-json\/wp\/v2\/pages\/7372\/revisions\/7374"}],"wp:attachment":[{"href":"https:\/\/fjarno.org\/ca\/wp-json\/wp\/v2\/media?parent=7372"}],"curies":[{"name":"wp","href":"https:\/\/api.w.org\/{rel}","templated":true}]}}