{"id":6945,"date":"2025-10-17T13:03:25","date_gmt":"2025-10-17T13:03:25","guid":{"rendered":"https:\/\/fjarno.org\/transparencia\/"},"modified":"2025-10-29T13:33:55","modified_gmt":"2025-10-29T13:33:55","slug":"transparencia","status":"publish","type":"page","link":"https:\/\/fjarno.org\/ca\/transparencia\/","title":{"rendered":"Transpar\u00e8ncia"},"content":{"rendered":"\n<div class=\"wp-block-media-text is-stacked-on-mobile is-image-fill-element\"><figure class=\"wp-block-media-text__media\"><img loading=\"lazy\" decoding=\"async\" width=\"663\" height=\"663\" src=\"https:\/\/fjarno.org\/wp-content\/uploads\/2024\/02\/Article-1.png\" alt=\"\" class=\"wp-image-5957 size-full\" style=\"object-position:50% 50%\" srcset=\"https:\/\/fjarno.org\/wp-content\/uploads\/2024\/02\/Article-1.png 663w, https:\/\/fjarno.org\/wp-content\/uploads\/2024\/02\/Article-1-300x300.png 300w, https:\/\/fjarno.org\/wp-content\/uploads\/2024\/02\/Article-1-100x100.png 100w, https:\/\/fjarno.org\/wp-content\/uploads\/2024\/02\/Article-1-600x600.png 600w, https:\/\/fjarno.org\/wp-content\/uploads\/2024\/02\/Article-1-150x150.png 150w\" sizes=\"auto, (max-width: 663px) 100vw, 663px\" \/><\/figure><div class=\"wp-block-media-text__content\">\n<div style=\"height:36px\" aria-hidden=\"true\" class=\"wp-block-spacer\"><\/div>\n\n\n\n<p style=\"font-size:14px\">Com la majoria de les fundacions, la Fundaci\u00f3 Renal Jaume Arn\u00f3 va ser creada amb una sensibilitat i una consci\u00e8ncia de servei per l&#8217;inter\u00e8s general, amb la transpar\u00e8ncia com a element fonamental en el seu dia a dia. Arran de la publicaci\u00f3 de la Llei 19\/2013, de 9 de desembre, de transpar\u00e8ncia, acc\u00e9s a la informaci\u00f3 p\u00fablica i bon govern, hem preparat l&#8217;eina adequada, tal com indica la llei, perqu\u00e8 la ciutadania, inclosos especialment els beneficiaris dels nostres projectes i tots els nostres col\u00b7laboradors, s\u00e0piguen com i de quina manera es destinen els fons p\u00fablics que rebem, aix\u00ed com la publicaci\u00f3 dels comptes anuals que sempre han estat p\u00fablics i registrats en els registres corresponents del Protectorat de Fundacions. <\/p>\n\n\n\n<p class=\"has-text-color has-link-color wp-elements-ac5af6e095fb4032cb85d5f568b00ddb\" style=\"color:#5ec5c5\">D&#8217;aquesta manera, complementem la informaci\u00f3 oferta a l&#8217;apartat de FUNDACI\u00d3, amb aquest subapartat de TRANSPAR\u00c8NCIA, en el qual s&#8217;ofereix informaci\u00f3 tant sobre la gesti\u00f3 administrativa com sobre la gesti\u00f3 econ\u00f2mica de la nostra entitat.<\/p>\n\n\n\n<div style=\"height:36px\" aria-hidden=\"true\" class=\"wp-block-spacer\"><\/div>\n<\/div><\/div>\n","protected":false},"excerpt":{"rendered":"","protected":false},"author":1,"featured_media":0,"parent":0,"menu_order":0,"comment_status":"closed","ping_status":"closed","template":"","meta":{"footnotes":""},"class_list":["post-6945","page","type-page","status-publish","hentry","entry","owp-thumbs-layout-horizontal","owp-btn-normal","owp-tabs-layout-horizontal","has-no-thumbnails","has-product-nav"],"_links":{"self":[{"href":"https:\/\/fjarno.org\/ca\/wp-json\/wp\/v2\/pages\/6945","targetHints":{"allow":["GET"]}}],"collection":[{"href":"https:\/\/fjarno.org\/ca\/wp-json\/wp\/v2\/pages"}],"about":[{"href":"https:\/\/fjarno.org\/ca\/wp-json\/wp\/v2\/types\/page"}],"author":[{"embeddable":true,"href":"https:\/\/fjarno.org\/ca\/wp-json\/wp\/v2\/users\/1"}],"replies":[{"embeddable":true,"href":"https:\/\/fjarno.org\/ca\/wp-json\/wp\/v2\/comments?post=6945"}],"version-history":[{"count":3,"href":"https:\/\/fjarno.org\/ca\/wp-json\/wp\/v2\/pages\/6945\/revisions"}],"predecessor-version":[{"id":6957,"href":"https:\/\/fjarno.org\/ca\/wp-json\/wp\/v2\/pages\/6945\/revisions\/6957"}],"wp:attachment":[{"href":"https:\/\/fjarno.org\/ca\/wp-json\/wp\/v2\/media?parent=6945"}],"curies":[{"name":"wp","href":"https:\/\/api.w.org\/{rel}","templated":true}]}}