{"id":6944,"date":"2025-10-17T13:03:25","date_gmt":"2025-10-17T13:03:25","guid":{"rendered":"https:\/\/fjarno.org\/patronats-dhonor\/"},"modified":"2025-10-29T13:33:42","modified_gmt":"2025-10-29T13:33:42","slug":"patronats-dhonor","status":"publish","type":"page","link":"https:\/\/fjarno.org\/ca\/patronats-dhonor\/","title":{"rendered":"Patronats d&#8217;honor"},"content":{"rendered":"\n<div style=\"height:23px\" aria-hidden=\"true\" class=\"wp-block-spacer\"><\/div>\n\n<p class=\"has-text-align-center has-text-color has-link-color has-medium-font-size wp-elements-53835a3801d9bd328d49dcb86ce09aff\" style=\"color:#5ec5c5\">Segons consta en els nostres Estatuts, el Patronat d&#8217;Honor est\u00e0 format per persones que s&#8217;hagin significat pel seu inter\u00e8s i contribuci\u00f3 als fins fundacionals en algun moment de la seva activitat. Tenen facultats merament representatives. <\/p>\n\n<div style=\"height:23px\" aria-hidden=\"true\" class=\"wp-block-spacer\"><\/div>\n\n<div class=\"wp-block-media-text is-stacked-on-mobile\"><figure class=\"wp-block-media-text__media\"><img loading=\"lazy\" decoding=\"async\" width=\"600\" height=\"402\" src=\"https:\/\/fjarno.org\/wp-content\/uploads\/2025\/10\/oie_iuqHlQoBWAnb.jpg\" alt=\"\" class=\"wp-image-6247 size-full\" srcset=\"https:\/\/fjarno.org\/wp-content\/uploads\/2025\/10\/oie_iuqHlQoBWAnb.jpg 600w, https:\/\/fjarno.org\/wp-content\/uploads\/2025\/10\/oie_iuqHlQoBWAnb-300x201.jpg 300w\" sizes=\"auto, (max-width: 600px) 100vw, 600px\" \/><\/figure><div class=\"wp-block-media-text__content\">\n<div style=\"height:100px\" aria-hidden=\"true\" class=\"wp-block-spacer\"><\/div>\n\n\n\n<p class=\"has-text-color has-link-color has-medium-font-size wp-elements-8680adde255903925eccd4c57b2d7136\" style=\"color:#5ec5c5\"><strong>\u00c0ngel Ros Domingo<\/strong><\/p>\n\n\n\n<p style=\"font-size:14px\">Des de l&#8217;any 2003 \u00e9s alcalde de la ciutat de Lleida. La seva formaci\u00f3, llicenciat en f\u00edsiques i doctor en inform\u00e0tica \u2013entre altres\u2013, li ha perm\u00e8s ocupar diversos c\u00e0rrecs de responsabilitat en diferents empreses i institucions (Ajuntament de Madrid, COPAGA, San Miguel, Coca-Cola, aquests tres a Lleida). Continua sent professor titular de la Universitat de Lleida.  <\/p>\n\n\n\n<div style=\"height:100px\" aria-hidden=\"true\" class=\"wp-block-spacer\"><\/div>\n<\/div><\/div>\n\n<div class=\"wp-block-media-text has-media-on-the-right is-stacked-on-mobile\"><div class=\"wp-block-media-text__content\">\n<div style=\"height:100px\" aria-hidden=\"true\" class=\"wp-block-spacer\"><\/div>\n\n\n\n<p class=\"has-text-color has-link-color has-medium-font-size wp-elements-997b33fdac88764ff04f33f27314f79d\" style=\"color:#5ec5c5\"><strong>Miquel Vilardell Tarr\u00e9s<\/strong><\/p>\n\n\n\n<p style=\"font-size:14px\">Doctor i catedr\u00e0tic de medicina interna \u2013UAB\u2013, \u00e9s des de 1988 Cap de Servei de Medicina Interna de l&#8217;Hospital Universitari Vall d&#8217;Hebron de Barcelona. \u00c9s membre del Consell Catal\u00e0 d&#8217;Especialitats M\u00e8diques i de la Reial Acad\u00e8mia de Medicina de Catalunya, assessor del Col\u00b7legi Oficial de Metges de Barcelona, del qual ha estat president, i president de la Comissi\u00f3 Nacional de l&#8217;especialitat de Medicina Interna. El 2015 se li concedeix la Creu de Sant Jordi.  <\/p>\n\n\n\n<div style=\"height:100px\" aria-hidden=\"true\" class=\"wp-block-spacer\"><\/div>\n<\/div><figure class=\"wp-block-media-text__media\"><img loading=\"lazy\" decoding=\"async\" width=\"600\" height=\"402\" src=\"https:\/\/fjarno.org\/wp-content\/uploads\/2025\/10\/oie_261111098xB7Gr9.jpg\" alt=\"\" class=\"wp-image-6248 size-full\" srcset=\"https:\/\/fjarno.org\/wp-content\/uploads\/2025\/10\/oie_261111098xB7Gr9.jpg 600w, https:\/\/fjarno.org\/wp-content\/uploads\/2025\/10\/oie_261111098xB7Gr9-300x201.jpg 300w\" sizes=\"auto, (max-width: 600px) 100vw, 600px\" \/><\/figure><\/div>\n\n<div class=\"wp-block-media-text is-stacked-on-mobile\"><figure class=\"wp-block-media-text__media\"><img loading=\"lazy\" decoding=\"async\" width=\"600\" height=\"402\" src=\"https:\/\/fjarno.org\/wp-content\/uploads\/2025\/10\/oie_as3zkb3wLNwD.jpg\" alt=\"\" class=\"wp-image-6250 size-full\" srcset=\"https:\/\/fjarno.org\/wp-content\/uploads\/2025\/10\/oie_as3zkb3wLNwD.jpg 600w, https:\/\/fjarno.org\/wp-content\/uploads\/2025\/10\/oie_as3zkb3wLNwD-300x201.jpg 300w\" sizes=\"auto, (max-width: 600px) 100vw, 600px\" \/><\/figure><div class=\"wp-block-media-text__content\">\n<div style=\"height:100px\" aria-hidden=\"true\" class=\"wp-block-spacer\"><\/div>\n\n\n\n<p class=\"has-text-color has-link-color has-medium-font-size wp-elements-a071b7ca48184a7a82171ecc05aa8d15\" style=\"color:#5ec5c5\"><strong>Ernest Arenas<\/strong><\/p>\n\n\n\n<p style=\"font-size:14px\">Natural de Lleida, doctor en medicina i catedr\u00e0tic en Neurobiologia i C\u00e8l\u00b7lules Mare al Laboratori de Neurobiologia Molecular del Departament de Bioqu\u00edmica i Biof\u00edsica M\u00e8diques del Karolinska Institute d&#8217;Estocolm (Su\u00e8cia). \u00c9s una de les autoritats mundials en investigaci\u00f3 sobre les possibles aplicacions terap\u00e8utiques de les c\u00e8l\u00b7lules mare i medicina regenerativa per al tractament de la malaltia de Parkinson. Els seus treballs li han valgut, entre altres, el Premi INGVARD (2001), de la Fundaci\u00f3 Sueca per a Investigacions Estrat\u00e8giques, i el suport de la Reial Acad\u00e8mia de la Ci\u00e8ncia Sueca (2001). L&#8217;abril de 2008, Ernest Arenas va rebre un trasplantament de rony\u00f3. Actualment continua desenvolupant la seva activitat cient\u00edfica al Karolinska Institute de Su\u00e8cia.    <\/p>\n\n\n\n<div style=\"height:100px\" aria-hidden=\"true\" class=\"wp-block-spacer\"><\/div>\n<\/div><\/div>\n","protected":false},"excerpt":{"rendered":"<p>Segons consta en els nostres Estatuts, el Patronat d&#8217;Honor est\u00e0 format per persones que s&#8217;hagin significat pel seu inter\u00e8s i contribuci\u00f3 als fins fundacionals en algun moment de la seva activitat. Tenen facultats merament representatives.<\/p>\n","protected":false},"author":1,"featured_media":0,"parent":0,"menu_order":0,"comment_status":"closed","ping_status":"closed","template":"","meta":{"footnotes":""},"class_list":["post-6944","page","type-page","status-publish","hentry","entry","owp-thumbs-layout-horizontal","owp-btn-normal","owp-tabs-layout-horizontal","has-no-thumbnails","has-product-nav"],"_links":{"self":[{"href":"https:\/\/fjarno.org\/ca\/wp-json\/wp\/v2\/pages\/6944","targetHints":{"allow":["GET"]}}],"collection":[{"href":"https:\/\/fjarno.org\/ca\/wp-json\/wp\/v2\/pages"}],"about":[{"href":"https:\/\/fjarno.org\/ca\/wp-json\/wp\/v2\/types\/page"}],"author":[{"embeddable":true,"href":"https:\/\/fjarno.org\/ca\/wp-json\/wp\/v2\/users\/1"}],"replies":[{"embeddable":true,"href":"https:\/\/fjarno.org\/ca\/wp-json\/wp\/v2\/comments?post=6944"}],"version-history":[{"count":3,"href":"https:\/\/fjarno.org\/ca\/wp-json\/wp\/v2\/pages\/6944\/revisions"}],"predecessor-version":[{"id":6954,"href":"https:\/\/fjarno.org\/ca\/wp-json\/wp\/v2\/pages\/6944\/revisions\/6954"}],"wp:attachment":[{"href":"https:\/\/fjarno.org\/ca\/wp-json\/wp\/v2\/media?parent=6944"}],"curies":[{"name":"wp","href":"https:\/\/api.w.org\/{rel}","templated":true}]}}